{"id":2721,"date":"2024-08-21T17:32:14","date_gmt":"2024-08-21T17:32:14","guid":{"rendered":"https:\/\/www.ivopontes.com\/portfolio\/quinta-jets\/"},"modified":"2024-10-22T09:11:46","modified_gmt":"2024-10-22T09:11:46","slug":"quinta-jets","status":"publish","type":"page","link":"https:\/\/www.ivopontes.com\/pt\/portefolio\/quinta-jets\/","title":{"rendered":"Quinta Jets"},"content":{"rendered":"\t\t<div data-elementor-type=\"wp-page\" data-elementor-id=\"2721\" class=\"elementor elementor-2721 elementor-993\" data-elementor-post-type=\"page\">\n\t\t\t\t\t\t<section class=\"elementor-section elementor-top-section elementor-element elementor-element-74043f4e elementor-section-content-middle elementor-section-boxed elementor-section-height-default elementor-section-height-default\" data-id=\"74043f4e\" data-element_type=\"section\" data-e-type=\"section\" data-settings=\"{&quot;background_background&quot;:&quot;classic&quot;}\">\n\t\t\t\t\t\t\t<div class=\"elementor-background-overlay\"><\/div>\n\t\t\t\t\t\t\t<div class=\"elementor-container elementor-column-gap-no\">\n\t\t\t\t\t<div class=\"elementor-column elementor-col-100 elementor-top-column elementor-element elementor-element-1fec4d50\" data-id=\"1fec4d50\" data-element_type=\"column\" data-e-type=\"column\">\n\t\t\t<div class=\"elementor-widget-wrap elementor-element-populated\">\n\t\t\t\t\t\t<div class=\"elementor-element elementor-element-635281f8 elementor-icon-list--layout-inline elementor-align-center elementor-list-item-link-full_width elementor-widget elementor-widget-icon-list\" data-id=\"635281f8\" data-element_type=\"widget\" data-e-type=\"widget\" data-widget_type=\"icon-list.default\">\n\t\t\t\t<div class=\"elementor-widget-container\">\n\t\t\t\t\t\t\t<ul class=\"elementor-icon-list-items elementor-inline-items\">\n\t\t\t\t\t\t\t<li class=\"elementor-icon-list-item elementor-inline-item\">\n\t\t\t\t\t\t\t\t\t\t\t<span class=\"elementor-icon-list-icon\">\n\t\t\t\t\t\t\t<i aria-hidden=\"true\" class=\"fas fa-circle-notch\"><\/i>\t\t\t\t\t\t<\/span>\n\t\t\t\t\t\t\t\t\t\t<span class=\"elementor-icon-list-text\">WEBSITE, PUBLICIDADE<\/span>\n\t\t\t\t\t\t\t\t\t<\/li>\n\t\t\t\t\t\t<\/ul>\n\t\t\t\t\t\t<\/div>\n\t\t\t\t<\/div>\n\t\t\t\t<div class=\"elementor-element elementor-element-4121cf47 elementor-widget elementor-widget-heading\" data-id=\"4121cf47\" data-element_type=\"widget\" data-e-type=\"widget\" data-widget_type=\"heading.default\">\n\t\t\t\t<div class=\"elementor-widget-container\">\n\t\t\t\t\t<h1 class=\"elementor-heading-title elementor-size-default\">Quinta Jets<\/h1>\t\t\t\t<\/div>\n\t\t\t\t<\/div>\n\t\t\t\t\t<\/div>\n\t\t<\/div>\n\t\t\t\t\t<\/div>\n\t\t<\/section>\n\t\t\t\t<section class=\"elementor-section elementor-top-section elementor-element elementor-element-1206853c elementor-section-boxed elementor-section-height-default elementor-section-height-default\" data-id=\"1206853c\" data-element_type=\"section\" data-e-type=\"section\">\n\t\t\t\t\t\t<div class=\"elementor-container elementor-column-gap-no\">\n\t\t\t\t\t<div class=\"elementor-column elementor-col-50 elementor-top-column elementor-element elementor-element-7442e9ed\" data-id=\"7442e9ed\" data-element_type=\"column\" data-e-type=\"column\">\n\t\t\t<div class=\"elementor-widget-wrap elementor-element-populated\">\n\t\t\t\t\t\t<div class=\"elementor-element elementor-element-41c5ecaa elementor-invisible elementor-widget elementor-widget-heading\" data-id=\"41c5ecaa\" data-element_type=\"widget\" data-e-type=\"widget\" data-settings=\"{&quot;_animation&quot;:&quot;fadeInDown&quot;}\" data-widget_type=\"heading.default\">\n\t\t\t\t<div class=\"elementor-widget-container\">\n\t\t\t\t\t<h3 class=\"elementor-heading-title elementor-size-default\">A Quinta Jets, l\u00edder em servi\u00e7os de jactos privados, encarregou-nos de melhorar a sua presen\u00e7a online e de promover o envolvimento dos clientes.<\/h3>\t\t\t\t<\/div>\n\t\t\t\t<\/div>\n\t\t\t\t<div class=\"elementor-element elementor-element-49e63741 elementor-widget elementor-widget-text-editor\" data-id=\"49e63741\" data-element_type=\"widget\" data-e-type=\"widget\" data-widget_type=\"text-editor.default\">\n\t\t\t\t<div class=\"elementor-widget-container\">\n\t\t\t\t\t\t\t\t\t<p>Para a Quinta Jets, cri\u00e1mos um website elegante e de f\u00e1cil utiliza\u00e7\u00e3o que destaca os seus servi\u00e7os de jactos de alta qualidade e o processo de reserva sem problemas. Para al\u00e9m do website, implement\u00e1mos campanhas estrat\u00e9gicas de publicidade digital com o objetivo de atrair clientes de elevado valor l\u00edquido e aumentar as consultas. <\/p>\n<p>A nossa abordagem melhorou a visibilidade online da Quinta Jets e posicionou-a como uma escolha de topo para viagens em jactos privados, levando a um aumento not\u00e1vel no envolvimento dos clientes e nas reservas.<\/p>\n\t\t\t\t\t\t\t\t<\/div>\n\t\t\t\t<\/div>\n\t\t\t\t<div class=\"elementor-element elementor-element-548ac3f7 elementor-icon-list--layout-traditional elementor-list-item-link-full_width elementor-invisible elementor-widget elementor-widget-icon-list\" data-id=\"548ac3f7\" data-element_type=\"widget\" data-e-type=\"widget\" data-settings=\"{&quot;_animation&quot;:&quot;fadeInUp&quot;}\" data-widget_type=\"icon-list.default\">\n\t\t\t\t<div class=\"elementor-widget-container\">\n\t\t\t\t\t\t\t<ul class=\"elementor-icon-list-items\">\n\t\t\t\t\t\t\t<li class=\"elementor-icon-list-item\">\n\t\t\t\t\t\t\t\t\t\t\t<span class=\"elementor-icon-list-icon\">\n\t\t\t\t\t\t\t<i aria-hidden=\"true\" class=\"fas fa-user-alt\"><\/i>\t\t\t\t\t\t<\/span>\n\t\t\t\t\t\t\t\t\t\t<span class=\"elementor-icon-list-text\">Quinta Jets<\/span>\n\t\t\t\t\t\t\t\t\t<\/li>\n\t\t\t\t\t\t\t\t<li class=\"elementor-icon-list-item\">\n\t\t\t\t\t\t\t\t\t\t\t<span class=\"elementor-icon-list-icon\">\n\t\t\t\t\t\t\t<i aria-hidden=\"true\" class=\"fas fa-map-marker-alt\"><\/i>\t\t\t\t\t\t<\/span>\n\t\t\t\t\t\t\t\t\t\t<span class=\"elementor-icon-list-text\">Quinta do Lago<\/span>\n\t\t\t\t\t\t\t\t\t<\/li>\n\t\t\t\t\t\t\t\t<li class=\"elementor-icon-list-item\">\n\t\t\t\t\t\t\t\t\t\t\t<span class=\"elementor-icon-list-icon\">\n\t\t\t\t\t\t\t<i aria-hidden=\"true\" class=\"far fa-calendar-check\"><\/i>\t\t\t\t\t\t<\/span>\n\t\t\t\t\t\t\t\t\t\t<span class=\"elementor-icon-list-text\">Maio 2024<\/span>\n\t\t\t\t\t\t\t\t\t<\/li>\n\t\t\t\t\t\t<\/ul>\n\t\t\t\t\t\t<\/div>\n\t\t\t\t<\/div>\n\t\t\t\t<div class=\"elementor-element elementor-element-4ad6411d e-transform elementor-mobile-align-left elementor-widget-mobile__width-inherit animated-slow elementor-invisible elementor-widget elementor-widget-button\" data-id=\"4ad6411d\" data-element_type=\"widget\" data-e-type=\"widget\" data-settings=\"{&quot;_transform_translateY_effect_hover&quot;:{&quot;unit&quot;:&quot;px&quot;,&quot;size&quot;:-4,&quot;sizes&quot;:[]},&quot;_animation&quot;:&quot;fadeInUp&quot;,&quot;_transform_translateX_effect_hover&quot;:{&quot;unit&quot;:&quot;px&quot;,&quot;size&quot;:&quot;&quot;,&quot;sizes&quot;:[]},&quot;_transform_translateX_effect_hover_tablet&quot;:{&quot;unit&quot;:&quot;px&quot;,&quot;size&quot;:&quot;&quot;,&quot;sizes&quot;:[]},&quot;_transform_translateX_effect_hover_mobile&quot;:{&quot;unit&quot;:&quot;px&quot;,&quot;size&quot;:&quot;&quot;,&quot;sizes&quot;:[]},&quot;_transform_translateY_effect_hover_tablet&quot;:{&quot;unit&quot;:&quot;px&quot;,&quot;size&quot;:&quot;&quot;,&quot;sizes&quot;:[]},&quot;_transform_translateY_effect_hover_mobile&quot;:{&quot;unit&quot;:&quot;px&quot;,&quot;size&quot;:&quot;&quot;,&quot;sizes&quot;:[]}}\" data-widget_type=\"button.default\">\n\t\t\t\t<div class=\"elementor-widget-container\">\n\t\t\t\t\t\t\t\t\t<div class=\"elementor-button-wrapper\">\n\t\t\t\t\t<a class=\"elementor-button elementor-button-link elementor-size-sm\" href=\"https:\/\/www.quintajets.com\/\" target=\"_blank\">\n\t\t\t\t\t\t<span class=\"elementor-button-content-wrapper\">\n\t\t\t\t\t\t<span class=\"elementor-button-icon\">\n\t\t\t\t<i aria-hidden=\"true\" class=\"fas fa-chevron-right\"><\/i>\t\t\t<\/span>\n\t\t\t\t\t\t\t\t\t<span class=\"elementor-button-text\">Visitar WEBSITE<\/span>\n\t\t\t\t\t<\/span>\n\t\t\t\t\t<\/a>\n\t\t\t\t<\/div>\n\t\t\t\t\t\t\t\t<\/div>\n\t\t\t\t<\/div>\n\t\t\t\t\t<\/div>\n\t\t<\/div>\n\t\t\t\t<div class=\"elementor-column elementor-col-50 elementor-top-column elementor-element elementor-element-5a28ea89\" data-id=\"5a28ea89\" data-element_type=\"column\" data-e-type=\"column\">\n\t\t\t<div class=\"elementor-widget-wrap elementor-element-populated\">\n\t\t\t\t\t\t<div class=\"elementor-element elementor-element-8697778 elementor-widget elementor-widget-gallery\" data-id=\"8697778\" data-element_type=\"widget\" data-e-type=\"widget\" data-settings=\"{&quot;gallery_layout&quot;:&quot;masonry&quot;,&quot;columns&quot;:2,&quot;gap&quot;:{&quot;unit&quot;:&quot;px&quot;,&quot;size&quot;:12,&quot;sizes&quot;:[]},&quot;image_hover_animation&quot;:&quot;grow&quot;,&quot;columns_mobile&quot;:2,&quot;gap_tablet&quot;:{&quot;unit&quot;:&quot;px&quot;,&quot;size&quot;:12,&quot;sizes&quot;:[]},&quot;gap_mobile&quot;:{&quot;unit&quot;:&quot;px&quot;,&quot;size&quot;:8,&quot;sizes&quot;:[]},&quot;lazyload&quot;:&quot;yes&quot;,&quot;columns_tablet&quot;:2,&quot;link_to&quot;:&quot;file&quot;,&quot;content_hover_animation&quot;:&quot;fade-in&quot;}\" data-widget_type=\"gallery.default\">\n\t\t\t\t<div class=\"elementor-widget-container\">\n\t\t\t\t\t\t\t<div class=\"elementor-gallery__container\">\n\t\t\t\t\t\t\t<a class=\"e-gallery-item elementor-gallery-item elementor-animated-content\" href=\"https:\/\/www.ivopontes.com\/wp-content\/uploads\/2024\/08\/quintajets-pc.jpg\" data-elementor-open-lightbox=\"yes\" data-elementor-lightbox-slideshow=\"8697778\" data-elementor-lightbox-title=\"Quinta Jets\" data-elementor-lightbox-description=\"Private Aviation\" data-e-action-hash=\"#elementor-action%3Aaction%3Dlightbox%26settings%3DeyJpZCI6MTUxNSwidXJsIjoiaHR0cHM6XC9cL3d3dy5pdm9wb250ZXMuY29tXC93cC1jb250ZW50XC91cGxvYWRzXC8yMDI0XC8wOFwvcXVpbnRhamV0cy1wYy5qcGciLCJzbGlkZXNob3ciOiI4Njk3Nzc4In0%3D\">\n\t\t\t\t\t<div class=\"e-gallery-image elementor-gallery-item__image\" data-thumbnail=\"https:\/\/www.ivopontes.com\/wp-content\/uploads\/2024\/08\/quintajets-pc-768x576.jpg\" data-width=\"768\" data-height=\"576\" aria-label=\"\" role=\"img\" ><\/div>\n\t\t\t\t\t\t\t\t\t\t\t\t\t\t<\/a>\n\t\t\t\t\t\t\t<a class=\"e-gallery-item elementor-gallery-item elementor-animated-content\" href=\"https:\/\/www.ivopontes.com\/wp-content\/uploads\/2024\/08\/quintajets-telm.jpg\" data-elementor-open-lightbox=\"yes\" data-elementor-lightbox-slideshow=\"8697778\" data-elementor-lightbox-title=\"quintajets-telm\" data-e-action-hash=\"#elementor-action%3Aaction%3Dlightbox%26settings%3DeyJpZCI6MTcwMiwidXJsIjoiaHR0cHM6XC9cL3d3dy5pdm9wb250ZXMuY29tXC93cC1jb250ZW50XC91cGxvYWRzXC8yMDI0XC8wOFwvcXVpbnRhamV0cy10ZWxtLmpwZyIsInNsaWRlc2hvdyI6Ijg2OTc3NzgifQ%3D%3D\">\n\t\t\t\t\t<div class=\"e-gallery-image elementor-gallery-item__image\" data-thumbnail=\"https:\/\/www.ivopontes.com\/wp-content\/uploads\/2024\/08\/quintajets-telm-768x1024.jpg\" data-width=\"768\" data-height=\"1024\" aria-label=\"\" role=\"img\" ><\/div>\n\t\t\t\t\t\t\t\t\t\t\t\t\t\t<\/a>\n\t\t\t\t\t\t\t<a class=\"e-gallery-item elementor-gallery-item elementor-animated-content\" href=\"https:\/\/www.ivopontes.com\/wp-content\/uploads\/2024\/08\/quintajets-banners.jpg\" data-elementor-open-lightbox=\"yes\" data-elementor-lightbox-slideshow=\"8697778\" data-elementor-lightbox-title=\"quintajets-banners\" data-e-action-hash=\"#elementor-action%3Aaction%3Dlightbox%26settings%3DeyJpZCI6MjEzMSwidXJsIjoiaHR0cHM6XC9cL3d3dy5pdm9wb250ZXMuY29tXC93cC1jb250ZW50XC91cGxvYWRzXC8yMDI0XC8wOFwvcXVpbnRhamV0cy1iYW5uZXJzLmpwZyIsInNsaWRlc2hvdyI6Ijg2OTc3NzgifQ%3D%3D\">\n\t\t\t\t\t<div class=\"e-gallery-image elementor-gallery-item__image\" data-thumbnail=\"https:\/\/www.ivopontes.com\/wp-content\/uploads\/2024\/08\/quintajets-banners-768x576.jpg\" data-width=\"768\" data-height=\"576\" aria-label=\"\" role=\"img\" ><\/div>\n\t\t\t\t\t\t\t\t\t\t\t\t\t\t<\/a>\n\t\t\t\t\t\t\t<a class=\"e-gallery-item elementor-gallery-item elementor-animated-content\" href=\"https:\/\/www.ivopontes.com\/wp-content\/uploads\/2024\/08\/Ativo-1-8.png\" data-elementor-open-lightbox=\"yes\" data-elementor-lightbox-slideshow=\"8697778\" data-elementor-lightbox-title=\"Ativo 1-8\" data-e-action-hash=\"#elementor-action%3Aaction%3Dlightbox%26settings%3DeyJpZCI6MTk5OSwidXJsIjoiaHR0cHM6XC9cL3d3dy5pdm9wb250ZXMuY29tXC93cC1jb250ZW50XC91cGxvYWRzXC8yMDI0XC8wOFwvQXRpdm8tMS04LnBuZyIsInNsaWRlc2hvdyI6Ijg2OTc3NzgifQ%3D%3D\">\n\t\t\t\t\t<div class=\"e-gallery-image elementor-gallery-item__image\" data-thumbnail=\"https:\/\/www.ivopontes.com\/wp-content\/uploads\/2024\/08\/Ativo-1-8-768x576.png\" data-width=\"768\" data-height=\"576\" aria-label=\"\" role=\"img\" ><\/div>\n\t\t\t\t\t\t\t\t\t\t\t\t\t\t<\/a>\n\t\t\t\t\t\t\t<a class=\"e-gallery-item elementor-gallery-item elementor-animated-content\" href=\"https:\/\/www.ivopontes.com\/wp-content\/uploads\/2024\/08\/quintajets-logo.jpg\" data-elementor-open-lightbox=\"yes\" data-elementor-lightbox-slideshow=\"8697778\" data-elementor-lightbox-title=\"quintajets-logo\" data-e-action-hash=\"#elementor-action%3Aaction%3Dlightbox%26settings%3DeyJpZCI6MjA1MCwidXJsIjoiaHR0cHM6XC9cL3d3dy5pdm9wb250ZXMuY29tXC93cC1jb250ZW50XC91cGxvYWRzXC8yMDI0XC8wOFwvcXVpbnRhamV0cy1sb2dvLmpwZyIsInNsaWRlc2hvdyI6Ijg2OTc3NzgifQ%3D%3D\">\n\t\t\t\t\t<div class=\"e-gallery-image elementor-gallery-item__image\" data-thumbnail=\"https:\/\/www.ivopontes.com\/wp-content\/uploads\/2024\/08\/quintajets-logo-768x576.jpg\" data-width=\"768\" data-height=\"576\" aria-label=\"\" role=\"img\" ><\/div>\n\t\t\t\t\t\t\t\t\t\t\t\t\t\t<\/a>\n\t\t\t\t\t<\/div>\n\t\t\t\t\t<\/div>\n\t\t\t\t<\/div>\n\t\t\t\t\t<\/div>\n\t\t<\/div>\n\t\t\t\t\t<\/div>\n\t\t<\/section>\n\t\t\t\t<section class=\"elementor-section elementor-top-section elementor-element elementor-element-2ddd1694 animated-slow elementor-section-boxed elementor-section-height-default elementor-section-height-default elementor-invisible\" data-id=\"2ddd1694\" data-element_type=\"section\" data-e-type=\"section\" data-settings=\"{&quot;animation&quot;:&quot;fadeInUp&quot;}\">\n\t\t\t\t\t\t<div class=\"elementor-container elementor-column-gap-no\">\n\t\t\t\t\t<div class=\"elementor-column elementor-col-100 elementor-top-column elementor-element elementor-element-3536b33c\" data-id=\"3536b33c\" data-element_type=\"column\" data-e-type=\"column\">\n\t\t\t<div class=\"elementor-widget-wrap elementor-element-populated\">\n\t\t\t\t\t\t<div class=\"elementor-element elementor-element-1df2b7b3 elementor-align-center elementor-widget__width-auto elementor-mobile-align-justify elementor-widget-mobile__width-inherit elementor-widget elementor-widget-button\" data-id=\"1df2b7b3\" data-element_type=\"widget\" data-e-type=\"widget\" data-widget_type=\"button.default\">\n\t\t\t\t<div class=\"elementor-widget-container\">\n\t\t\t\t\t\t\t\t\t<div class=\"elementor-button-wrapper\">\n\t\t\t\t\t<a class=\"elementor-button elementor-button-link elementor-size-md\" href=\"https:\/\/www.ivopontes.com\/pt\/portefolio\/\">\n\t\t\t\t\t\t<span class=\"elementor-button-content-wrapper\">\n\t\t\t\t\t\t<span class=\"elementor-button-icon\">\n\t\t\t\t<i aria-hidden=\"true\" class=\"fas fa-step-backward\"><\/i>\t\t\t<\/span>\n\t\t\t\t\t\t\t\t\t<span class=\"elementor-button-text\">VOLTAR AO PORTF\u00d3LIO<\/span>\n\t\t\t\t\t<\/span>\n\t\t\t\t\t<\/a>\n\t\t\t\t<\/div>\n\t\t\t\t\t\t\t\t<\/div>\n\t\t\t\t<\/div>\n\t\t\t\t\t<\/div>\n\t\t<\/div>\n\t\t\t\t\t<\/div>\n\t\t<\/section>\n\t\t\t\t<\/div>\n\t\t","protected":false},"excerpt":{"rendered":"<p>WEBSITE, PUBLICIDADE Quinta Jets A Quinta Jets, l\u00edder em servi\u00e7os de jactos privados, encarregou-nos de melhorar a sua presen\u00e7a online e de promover o envolvimento dos clientes. Para a Quinta Jets, cri\u00e1mos um website elegante e de f\u00e1cil utiliza\u00e7\u00e3o que destaca os seus servi\u00e7os de jactos de alta qualidade e o processo de reserva sem [&hellip;]<\/p>\n","protected":false},"author":1,"featured_media":0,"parent":2703,"menu_order":0,"comment_status":"closed","ping_status":"closed","template":"","meta":{"footnotes":""},"class_list":["post-2721","page","type-page","status-publish","hentry"],"yoast_head":"<!-- This site is optimized with the Yoast SEO plugin v27.3 - https:\/\/yoast.com\/product\/yoast-seo-wordpress\/ -->\n<title>Portef\u00f3lio | Quinta Jets, l\u00edder em servi\u00e7os de jactos privados<\/title>\n<meta name=\"description\" content=\"Para a Quinta Jets, cri\u00e1mos um website elegante e de f\u00e1cil utiliza\u00e7\u00e3o que destaca os seus servi\u00e7os de jactos de alta qualidade e o...\" \/>\n<meta name=\"robots\" content=\"index, follow, max-snippet:-1, max-image-preview:large, max-video-preview:-1\" \/>\n<link rel=\"canonical\" href=\"https:\/\/www.ivopontes.com\/pt\/portefolio\/quinta-jets\/\" \/>\n<meta property=\"og:locale\" content=\"pt_PT\" \/>\n<meta property=\"og:type\" content=\"article\" \/>\n<meta property=\"og:title\" content=\"Portef\u00f3lio | Quinta Jets, l\u00edder em servi\u00e7os de jactos privados\" \/>\n<meta property=\"og:description\" content=\"Para a Quinta Jets, cri\u00e1mos um website elegante e de f\u00e1cil utiliza\u00e7\u00e3o que destaca os seus servi\u00e7os de jactos de alta qualidade e o...\" \/>\n<meta property=\"og:url\" content=\"https:\/\/www.ivopontes.com\/pt\/portefolio\/quinta-jets\/\" \/>\n<meta property=\"og:site_name\" content=\"Ivo Pontes\" \/>\n<meta property=\"article:publisher\" content=\"https:\/\/www.facebook.com\/ivopontesmarketing\/\" \/>\n<meta property=\"article:modified_time\" content=\"2024-10-22T09:11:46+00:00\" \/>\n<meta name=\"twitter:card\" content=\"summary_large_image\" \/>\n<meta name=\"twitter:label1\" content=\"Est. reading time\" \/>\n\t<meta name=\"twitter:data1\" content=\"1 minute\" \/>\n<script type=\"application\/ld+json\" class=\"yoast-schema-graph\">{\"@context\":\"https:\\\/\\\/schema.org\",\"@graph\":[{\"@type\":\"WebPage\",\"@id\":\"https:\\\/\\\/www.ivopontes.com\\\/pt\\\/portefolio\\\/quinta-jets\\\/\",\"url\":\"https:\\\/\\\/www.ivopontes.com\\\/pt\\\/portefolio\\\/quinta-jets\\\/\",\"name\":\"Portef\u00f3lio | Quinta Jets, l\u00edder em servi\u00e7os de jactos privados\",\"isPartOf\":{\"@id\":\"https:\\\/\\\/www.ivopontes.com\\\/pt\\\/#website\"},\"datePublished\":\"2024-08-21T17:32:14+00:00\",\"dateModified\":\"2024-10-22T09:11:46+00:00\",\"description\":\"Para a Quinta Jets, cri\u00e1mos um website elegante e de f\u00e1cil utiliza\u00e7\u00e3o que destaca os seus servi\u00e7os de jactos de alta qualidade e o...\",\"breadcrumb\":{\"@id\":\"https:\\\/\\\/www.ivopontes.com\\\/pt\\\/portefolio\\\/quinta-jets\\\/#breadcrumb\"},\"inLanguage\":\"pt\",\"potentialAction\":[{\"@type\":\"ReadAction\",\"target\":[\"https:\\\/\\\/www.ivopontes.com\\\/pt\\\/portefolio\\\/quinta-jets\\\/\"]}]},{\"@type\":\"BreadcrumbList\",\"@id\":\"https:\\\/\\\/www.ivopontes.com\\\/pt\\\/portefolio\\\/quinta-jets\\\/#breadcrumb\",\"itemListElement\":[{\"@type\":\"ListItem\",\"position\":1,\"name\":\"Home\",\"item\":\"https:\\\/\\\/www.ivopontes.com\\\/pt\\\/\"},{\"@type\":\"ListItem\",\"position\":2,\"name\":\"Portef\u00f3lio\",\"item\":\"https:\\\/\\\/www.ivopontes.com\\\/pt\\\/portefolio\\\/\"},{\"@type\":\"ListItem\",\"position\":3,\"name\":\"Quinta Jets\"}]},{\"@type\":\"WebSite\",\"@id\":\"https:\\\/\\\/www.ivopontes.com\\\/pt\\\/#website\",\"url\":\"https:\\\/\\\/www.ivopontes.com\\\/pt\\\/\",\"name\":\"Ivo Pontes - Digital Marketing\",\"description\":\"Digital Marketing\",\"publisher\":{\"@id\":\"https:\\\/\\\/www.ivopontes.com\\\/pt\\\/#organization\"},\"potentialAction\":[{\"@type\":\"SearchAction\",\"target\":{\"@type\":\"EntryPoint\",\"urlTemplate\":\"https:\\\/\\\/www.ivopontes.com\\\/pt\\\/?s={search_term_string}\"},\"query-input\":{\"@type\":\"PropertyValueSpecification\",\"valueRequired\":true,\"valueName\":\"search_term_string\"}}],\"inLanguage\":\"pt\"},{\"@type\":\"Organization\",\"@id\":\"https:\\\/\\\/www.ivopontes.com\\\/pt\\\/#organization\",\"name\":\"Ivo Pontes - Digital Marketing\",\"url\":\"https:\\\/\\\/www.ivopontes.com\\\/pt\\\/\",\"logo\":{\"@type\":\"ImageObject\",\"inLanguage\":\"pt\",\"@id\":\"https:\\\/\\\/www.ivopontes.com\\\/pt\\\/#\\\/schema\\\/logo\\\/image\\\/\",\"url\":\"https:\\\/\\\/www.ivopontes.com\\\/wp-content\\\/uploads\\\/2024\\\/08\\\/logo-ivo-pontes.png\",\"contentUrl\":\"https:\\\/\\\/www.ivopontes.com\\\/wp-content\\\/uploads\\\/2024\\\/08\\\/logo-ivo-pontes.png\",\"width\":542,\"height\":223,\"caption\":\"Ivo Pontes - Digital Marketing\"},\"image\":{\"@id\":\"https:\\\/\\\/www.ivopontes.com\\\/pt\\\/#\\\/schema\\\/logo\\\/image\\\/\"},\"sameAs\":[\"https:\\\/\\\/www.facebook.com\\\/ivopontesmarketing\\\/\",\"https:\\\/\\\/www.instagram.com\\\/ivopontesmarketing\\\/\"]}]}<\/script>\n<!-- \/ Yoast SEO plugin. -->","yoast_head_json":{"title":"Portef\u00f3lio | Quinta Jets, l\u00edder em servi\u00e7os de jactos privados","description":"Para a Quinta Jets, cri\u00e1mos um website elegante e de f\u00e1cil utiliza\u00e7\u00e3o que destaca os seus servi\u00e7os de jactos de alta qualidade e o...","robots":{"index":"index","follow":"follow","max-snippet":"max-snippet:-1","max-image-preview":"max-image-preview:large","max-video-preview":"max-video-preview:-1"},"canonical":"https:\/\/www.ivopontes.com\/pt\/portefolio\/quinta-jets\/","og_locale":"pt_PT","og_type":"article","og_title":"Portef\u00f3lio | Quinta Jets, l\u00edder em servi\u00e7os de jactos privados","og_description":"Para a Quinta Jets, cri\u00e1mos um website elegante e de f\u00e1cil utiliza\u00e7\u00e3o que destaca os seus servi\u00e7os de jactos de alta qualidade e o...","og_url":"https:\/\/www.ivopontes.com\/pt\/portefolio\/quinta-jets\/","og_site_name":"Ivo Pontes","article_publisher":"https:\/\/www.facebook.com\/ivopontesmarketing\/","article_modified_time":"2024-10-22T09:11:46+00:00","twitter_card":"summary_large_image","twitter_misc":{"Est. reading time":"1 minute"},"schema":{"@context":"https:\/\/schema.org","@graph":[{"@type":"WebPage","@id":"https:\/\/www.ivopontes.com\/pt\/portefolio\/quinta-jets\/","url":"https:\/\/www.ivopontes.com\/pt\/portefolio\/quinta-jets\/","name":"Portef\u00f3lio | Quinta Jets, l\u00edder em servi\u00e7os de jactos privados","isPartOf":{"@id":"https:\/\/www.ivopontes.com\/pt\/#website"},"datePublished":"2024-08-21T17:32:14+00:00","dateModified":"2024-10-22T09:11:46+00:00","description":"Para a Quinta Jets, cri\u00e1mos um website elegante e de f\u00e1cil utiliza\u00e7\u00e3o que destaca os seus servi\u00e7os de jactos de alta qualidade e o...","breadcrumb":{"@id":"https:\/\/www.ivopontes.com\/pt\/portefolio\/quinta-jets\/#breadcrumb"},"inLanguage":"pt","potentialAction":[{"@type":"ReadAction","target":["https:\/\/www.ivopontes.com\/pt\/portefolio\/quinta-jets\/"]}]},{"@type":"BreadcrumbList","@id":"https:\/\/www.ivopontes.com\/pt\/portefolio\/quinta-jets\/#breadcrumb","itemListElement":[{"@type":"ListItem","position":1,"name":"Home","item":"https:\/\/www.ivopontes.com\/pt\/"},{"@type":"ListItem","position":2,"name":"Portef\u00f3lio","item":"https:\/\/www.ivopontes.com\/pt\/portefolio\/"},{"@type":"ListItem","position":3,"name":"Quinta Jets"}]},{"@type":"WebSite","@id":"https:\/\/www.ivopontes.com\/pt\/#website","url":"https:\/\/www.ivopontes.com\/pt\/","name":"Ivo Pontes - Digital Marketing","description":"Digital Marketing","publisher":{"@id":"https:\/\/www.ivopontes.com\/pt\/#organization"},"potentialAction":[{"@type":"SearchAction","target":{"@type":"EntryPoint","urlTemplate":"https:\/\/www.ivopontes.com\/pt\/?s={search_term_string}"},"query-input":{"@type":"PropertyValueSpecification","valueRequired":true,"valueName":"search_term_string"}}],"inLanguage":"pt"},{"@type":"Organization","@id":"https:\/\/www.ivopontes.com\/pt\/#organization","name":"Ivo Pontes - Digital Marketing","url":"https:\/\/www.ivopontes.com\/pt\/","logo":{"@type":"ImageObject","inLanguage":"pt","@id":"https:\/\/www.ivopontes.com\/pt\/#\/schema\/logo\/image\/","url":"https:\/\/www.ivopontes.com\/wp-content\/uploads\/2024\/08\/logo-ivo-pontes.png","contentUrl":"https:\/\/www.ivopontes.com\/wp-content\/uploads\/2024\/08\/logo-ivo-pontes.png","width":542,"height":223,"caption":"Ivo Pontes - Digital Marketing"},"image":{"@id":"https:\/\/www.ivopontes.com\/pt\/#\/schema\/logo\/image\/"},"sameAs":["https:\/\/www.facebook.com\/ivopontesmarketing\/","https:\/\/www.instagram.com\/ivopontesmarketing\/"]}]}},"_links":{"self":[{"href":"https:\/\/www.ivopontes.com\/pt\/wp-json\/wp\/v2\/pages\/2721","targetHints":{"allow":["GET"]}}],"collection":[{"href":"https:\/\/www.ivopontes.com\/pt\/wp-json\/wp\/v2\/pages"}],"about":[{"href":"https:\/\/www.ivopontes.com\/pt\/wp-json\/wp\/v2\/types\/page"}],"author":[{"embeddable":true,"href":"https:\/\/www.ivopontes.com\/pt\/wp-json\/wp\/v2\/users\/1"}],"replies":[{"embeddable":true,"href":"https:\/\/www.ivopontes.com\/pt\/wp-json\/wp\/v2\/comments?post=2721"}],"version-history":[{"count":1,"href":"https:\/\/www.ivopontes.com\/pt\/wp-json\/wp\/v2\/pages\/2721\/revisions"}],"predecessor-version":[{"id":2722,"href":"https:\/\/www.ivopontes.com\/pt\/wp-json\/wp\/v2\/pages\/2721\/revisions\/2722"}],"up":[{"embeddable":true,"href":"https:\/\/www.ivopontes.com\/pt\/wp-json\/wp\/v2\/pages\/2703"}],"wp:attachment":[{"href":"https:\/\/www.ivopontes.com\/pt\/wp-json\/wp\/v2\/media?parent=2721"}],"curies":[{"name":"wp","href":"https:\/\/api.w.org\/{rel}","templated":true}]}}