{"id":2717,"date":"2024-08-21T16:33:49","date_gmt":"2024-08-21T16:33:49","guid":{"rendered":"https:\/\/www.ivopontes.com\/portfolio\/multimarmore\/"},"modified":"2024-10-22T09:10:01","modified_gmt":"2024-10-22T09:10:01","slug":"multimarmore","status":"publish","type":"page","link":"https:\/\/www.ivopontes.com\/pt\/portefolio\/multimarmore\/","title":{"rendered":"Multimarmore"},"content":{"rendered":"\t\t<div data-elementor-type=\"wp-page\" data-elementor-id=\"2717\" class=\"elementor elementor-2717 elementor-912\" data-elementor-post-type=\"page\">\n\t\t\t\t\t\t<section class=\"elementor-section elementor-top-section elementor-element elementor-element-34d63b2d elementor-section-content-middle elementor-section-boxed elementor-section-height-default elementor-section-height-default\" data-id=\"34d63b2d\" data-element_type=\"section\" data-e-type=\"section\" data-settings=\"{&quot;background_background&quot;:&quot;classic&quot;}\">\n\t\t\t\t\t\t\t<div class=\"elementor-background-overlay\"><\/div>\n\t\t\t\t\t\t\t<div class=\"elementor-container elementor-column-gap-no\">\n\t\t\t\t\t<div class=\"elementor-column elementor-col-100 elementor-top-column elementor-element elementor-element-56edd535\" data-id=\"56edd535\" data-element_type=\"column\" data-e-type=\"column\">\n\t\t\t<div class=\"elementor-widget-wrap elementor-element-populated\">\n\t\t\t\t\t\t<div class=\"elementor-element elementor-element-e5614a elementor-icon-list--layout-inline elementor-align-center elementor-list-item-link-full_width elementor-widget elementor-widget-icon-list\" data-id=\"e5614a\" data-element_type=\"widget\" data-e-type=\"widget\" data-widget_type=\"icon-list.default\">\n\t\t\t\t<div class=\"elementor-widget-container\">\n\t\t\t\t\t\t\t<ul class=\"elementor-icon-list-items elementor-inline-items\">\n\t\t\t\t\t\t\t<li class=\"elementor-icon-list-item elementor-inline-item\">\n\t\t\t\t\t\t\t\t\t\t\t<span class=\"elementor-icon-list-icon\">\n\t\t\t\t\t\t\t<i aria-hidden=\"true\" class=\"fas fa-circle-notch\"><\/i>\t\t\t\t\t\t<\/span>\n\t\t\t\t\t\t\t\t\t\t<span class=\"elementor-icon-list-text\">Branding, WEBSITE, PUBLICIDADE<\/span>\n\t\t\t\t\t\t\t\t\t<\/li>\n\t\t\t\t\t\t<\/ul>\n\t\t\t\t\t\t<\/div>\n\t\t\t\t<\/div>\n\t\t\t\t<div class=\"elementor-element elementor-element-4eb587a1 elementor-widget elementor-widget-heading\" data-id=\"4eb587a1\" data-element_type=\"widget\" data-e-type=\"widget\" data-widget_type=\"heading.default\">\n\t\t\t\t<div class=\"elementor-widget-container\">\n\t\t\t\t\t<h1 class=\"elementor-heading-title elementor-size-default\">Multimarmore<\/h1>\t\t\t\t<\/div>\n\t\t\t\t<\/div>\n\t\t\t\t\t<\/div>\n\t\t<\/div>\n\t\t\t\t\t<\/div>\n\t\t<\/section>\n\t\t\t\t<section class=\"elementor-section elementor-top-section elementor-element elementor-element-24e7d15b elementor-section-boxed elementor-section-height-default elementor-section-height-default\" data-id=\"24e7d15b\" data-element_type=\"section\" data-e-type=\"section\">\n\t\t\t\t\t\t<div class=\"elementor-container elementor-column-gap-no\">\n\t\t\t\t\t<div class=\"elementor-column elementor-col-50 elementor-top-column elementor-element elementor-element-247556f4\" data-id=\"247556f4\" data-element_type=\"column\" data-e-type=\"column\">\n\t\t\t<div class=\"elementor-widget-wrap elementor-element-populated\">\n\t\t\t\t\t\t<div class=\"elementor-element elementor-element-7d4b5d75 elementor-invisible elementor-widget elementor-widget-heading\" data-id=\"7d4b5d75\" data-element_type=\"widget\" data-e-type=\"widget\" data-settings=\"{&quot;_animation&quot;:&quot;fadeInDown&quot;}\" data-widget_type=\"heading.default\">\n\t\t\t\t<div class=\"elementor-widget-container\">\n\t\t\t\t\t<h3 class=\"elementor-heading-title elementor-size-default\">A Multimarmore, especialista em m\u00e1rmore de renome com mais de 50 anos de experi\u00eancia, associou-se a n\u00f3s para uma revitaliza\u00e7\u00e3o completa da marca.<\/h3>\t\t\t\t<\/div>\n\t\t\t\t<\/div>\n\t\t\t\t<div class=\"elementor-element elementor-element-71b7181f elementor-widget elementor-widget-text-editor\" data-id=\"71b7181f\" data-element_type=\"widget\" data-e-type=\"widget\" data-widget_type=\"text-editor.default\">\n\t\t\t\t<div class=\"elementor-widget-container\">\n\t\t\t\t\t\t\t\t\t<p>Renov\u00e1mos a marca Multimarmore com um novo slogan, redesenho do log\u00f3tipo e diretrizes de marca para refletir o seu estimado legado. O nosso trabalho incluiu a conce\u00e7\u00e3o de um website moderno que destaca a sua experi\u00eancia em m\u00e1rmore e a execu\u00e7\u00e3o de campanhas publicit\u00e1rias digitais direcionadas para aumentar a visibilidade. <\/p>\n<p>O resultado \u00e9 uma presen\u00e7a de marca renovada que combina perfeitamente a tradi\u00e7\u00e3o com a modernidade, aumentando o seu apelo no mercado e o envolvimento dos clientes.<\/p>\n\t\t\t\t\t\t\t\t<\/div>\n\t\t\t\t<\/div>\n\t\t\t\t<div class=\"elementor-element elementor-element-58a05863 elementor-icon-list--layout-traditional elementor-list-item-link-full_width elementor-invisible elementor-widget elementor-widget-icon-list\" data-id=\"58a05863\" data-element_type=\"widget\" data-e-type=\"widget\" data-settings=\"{&quot;_animation&quot;:&quot;fadeInUp&quot;}\" data-widget_type=\"icon-list.default\">\n\t\t\t\t<div class=\"elementor-widget-container\">\n\t\t\t\t\t\t\t<ul class=\"elementor-icon-list-items\">\n\t\t\t\t\t\t\t<li class=\"elementor-icon-list-item\">\n\t\t\t\t\t\t\t\t\t\t\t<span class=\"elementor-icon-list-icon\">\n\t\t\t\t\t\t\t<i aria-hidden=\"true\" class=\"fas fa-user-alt\"><\/i>\t\t\t\t\t\t<\/span>\n\t\t\t\t\t\t\t\t\t\t<span class=\"elementor-icon-list-text\">Multimarmore<\/span>\n\t\t\t\t\t\t\t\t\t<\/li>\n\t\t\t\t\t\t\t\t<li class=\"elementor-icon-list-item\">\n\t\t\t\t\t\t\t\t\t\t\t<span class=\"elementor-icon-list-icon\">\n\t\t\t\t\t\t\t<i aria-hidden=\"true\" class=\"fas fa-map-marker-alt\"><\/i>\t\t\t\t\t\t<\/span>\n\t\t\t\t\t\t\t\t\t\t<span class=\"elementor-icon-list-text\">Vila Vi\u00e7osa<\/span>\n\t\t\t\t\t\t\t\t\t<\/li>\n\t\t\t\t\t\t\t\t<li class=\"elementor-icon-list-item\">\n\t\t\t\t\t\t\t\t\t\t\t<span class=\"elementor-icon-list-icon\">\n\t\t\t\t\t\t\t<i aria-hidden=\"true\" class=\"far fa-calendar-check\"><\/i>\t\t\t\t\t\t<\/span>\n\t\t\t\t\t\t\t\t\t\t<span class=\"elementor-icon-list-text\">Julho 2024<\/span>\n\t\t\t\t\t\t\t\t\t<\/li>\n\t\t\t\t\t\t<\/ul>\n\t\t\t\t\t\t<\/div>\n\t\t\t\t<\/div>\n\t\t\t\t<div class=\"elementor-element elementor-element-a1e8a4d e-transform elementor-mobile-align-left elementor-widget-mobile__width-inherit animated-slow elementor-invisible elementor-widget elementor-widget-button\" data-id=\"a1e8a4d\" data-element_type=\"widget\" data-e-type=\"widget\" data-settings=\"{&quot;_transform_translateY_effect_hover&quot;:{&quot;unit&quot;:&quot;px&quot;,&quot;size&quot;:-4,&quot;sizes&quot;:[]},&quot;_animation&quot;:&quot;fadeInUp&quot;,&quot;_transform_translateX_effect_hover&quot;:{&quot;unit&quot;:&quot;px&quot;,&quot;size&quot;:&quot;&quot;,&quot;sizes&quot;:[]},&quot;_transform_translateX_effect_hover_tablet&quot;:{&quot;unit&quot;:&quot;px&quot;,&quot;size&quot;:&quot;&quot;,&quot;sizes&quot;:[]},&quot;_transform_translateX_effect_hover_mobile&quot;:{&quot;unit&quot;:&quot;px&quot;,&quot;size&quot;:&quot;&quot;,&quot;sizes&quot;:[]},&quot;_transform_translateY_effect_hover_tablet&quot;:{&quot;unit&quot;:&quot;px&quot;,&quot;size&quot;:&quot;&quot;,&quot;sizes&quot;:[]},&quot;_transform_translateY_effect_hover_mobile&quot;:{&quot;unit&quot;:&quot;px&quot;,&quot;size&quot;:&quot;&quot;,&quot;sizes&quot;:[]}}\" data-widget_type=\"button.default\">\n\t\t\t\t<div class=\"elementor-widget-container\">\n\t\t\t\t\t\t\t\t\t<div class=\"elementor-button-wrapper\">\n\t\t\t\t\t<a class=\"elementor-button elementor-button-link elementor-size-sm\" href=\"https:\/\/www.multimarmore.com\/\" target=\"_blank\">\n\t\t\t\t\t\t<span class=\"elementor-button-content-wrapper\">\n\t\t\t\t\t\t<span class=\"elementor-button-icon\">\n\t\t\t\t<i aria-hidden=\"true\" class=\"fas fa-chevron-right\"><\/i>\t\t\t<\/span>\n\t\t\t\t\t\t\t\t\t<span class=\"elementor-button-text\">Visitar WEBSITE<\/span>\n\t\t\t\t\t<\/span>\n\t\t\t\t\t<\/a>\n\t\t\t\t<\/div>\n\t\t\t\t\t\t\t\t<\/div>\n\t\t\t\t<\/div>\n\t\t\t\t\t<\/div>\n\t\t<\/div>\n\t\t\t\t<div class=\"elementor-column elementor-col-50 elementor-top-column elementor-element elementor-element-6a1e4f49\" data-id=\"6a1e4f49\" data-element_type=\"column\" data-e-type=\"column\">\n\t\t\t<div class=\"elementor-widget-wrap elementor-element-populated\">\n\t\t\t\t\t\t<div class=\"elementor-element elementor-element-25229082 elementor-widget elementor-widget-gallery\" data-id=\"25229082\" data-element_type=\"widget\" data-e-type=\"widget\" data-settings=\"{&quot;gallery_layout&quot;:&quot;masonry&quot;,&quot;columns&quot;:2,&quot;gap&quot;:{&quot;unit&quot;:&quot;px&quot;,&quot;size&quot;:12,&quot;sizes&quot;:[]},&quot;image_hover_animation&quot;:&quot;grow&quot;,&quot;columns_mobile&quot;:2,&quot;gap_tablet&quot;:{&quot;unit&quot;:&quot;px&quot;,&quot;size&quot;:12,&quot;sizes&quot;:[]},&quot;gap_mobile&quot;:{&quot;unit&quot;:&quot;px&quot;,&quot;size&quot;:8,&quot;sizes&quot;:[]},&quot;lazyload&quot;:&quot;yes&quot;,&quot;columns_tablet&quot;:2,&quot;link_to&quot;:&quot;file&quot;,&quot;content_hover_animation&quot;:&quot;fade-in&quot;}\" data-widget_type=\"gallery.default\">\n\t\t\t\t<div class=\"elementor-widget-container\">\n\t\t\t\t\t\t\t<div class=\"elementor-gallery__container\">\n\t\t\t\t\t\t\t<a class=\"e-gallery-item elementor-gallery-item elementor-animated-content\" href=\"https:\/\/www.ivopontes.com\/wp-content\/uploads\/2024\/08\/multimarmore-pc.jpg\" data-elementor-open-lightbox=\"yes\" data-elementor-lightbox-slideshow=\"25229082\" data-elementor-lightbox-title=\"multimarmore-pc\" data-e-action-hash=\"#elementor-action%3Aaction%3Dlightbox%26settings%3DeyJpZCI6MjkxNCwidXJsIjoiaHR0cHM6XC9cL3d3dy5pdm9wb250ZXMuY29tXC93cC1jb250ZW50XC91cGxvYWRzXC8yMDI0XC8wOFwvbXVsdGltYXJtb3JlLXBjLmpwZyIsInNsaWRlc2hvdyI6IjI1MjI5MDgyIn0%3D\">\n\t\t\t\t\t<div class=\"e-gallery-image elementor-gallery-item__image\" data-thumbnail=\"https:\/\/www.ivopontes.com\/wp-content\/uploads\/2024\/08\/multimarmore-pc-768x512.jpg\" data-width=\"768\" data-height=\"512\" aria-label=\"\" role=\"img\" ><\/div>\n\t\t\t\t\t\t\t\t\t\t\t\t\t\t<\/a>\n\t\t\t\t\t\t\t<a class=\"e-gallery-item elementor-gallery-item elementor-animated-content\" href=\"https:\/\/www.ivopontes.com\/wp-content\/uploads\/2024\/08\/multimarmore-telm1.jpg\" data-elementor-open-lightbox=\"yes\" data-elementor-lightbox-slideshow=\"25229082\" data-elementor-lightbox-title=\"multimarmore-telm1\" data-e-action-hash=\"#elementor-action%3Aaction%3Dlightbox%26settings%3DeyJpZCI6MTgxMCwidXJsIjoiaHR0cHM6XC9cL3d3dy5pdm9wb250ZXMuY29tXC93cC1jb250ZW50XC91cGxvYWRzXC8yMDI0XC8wOFwvbXVsdGltYXJtb3JlLXRlbG0xLmpwZyIsInNsaWRlc2hvdyI6IjI1MjI5MDgyIn0%3D\">\n\t\t\t\t\t<div class=\"e-gallery-image elementor-gallery-item__image\" data-thumbnail=\"https:\/\/www.ivopontes.com\/wp-content\/uploads\/2024\/08\/multimarmore-telm1-768x1024.jpg\" data-width=\"768\" data-height=\"1024\" aria-label=\"\" role=\"img\" ><\/div>\n\t\t\t\t\t\t\t\t\t\t\t\t\t\t<\/a>\n\t\t\t\t\t\t\t<a class=\"e-gallery-item elementor-gallery-item elementor-animated-content\" href=\"https:\/\/www.ivopontes.com\/wp-content\/uploads\/2024\/08\/multimarmore-logo.jpg\" data-elementor-open-lightbox=\"yes\" data-elementor-lightbox-slideshow=\"25229082\" data-elementor-lightbox-title=\"multimarmore-logo\" data-e-action-hash=\"#elementor-action%3Aaction%3Dlightbox%26settings%3DeyJpZCI6MjAzMiwidXJsIjoiaHR0cHM6XC9cL3d3dy5pdm9wb250ZXMuY29tXC93cC1jb250ZW50XC91cGxvYWRzXC8yMDI0XC8wOFwvbXVsdGltYXJtb3JlLWxvZ28uanBnIiwic2xpZGVzaG93IjoiMjUyMjkwODIifQ%3D%3D\">\n\t\t\t\t\t<div class=\"e-gallery-image elementor-gallery-item__image\" data-thumbnail=\"https:\/\/www.ivopontes.com\/wp-content\/uploads\/2024\/08\/multimarmore-logo-768x576.jpg\" data-width=\"768\" data-height=\"576\" aria-label=\"\" role=\"img\" ><\/div>\n\t\t\t\t\t\t\t\t\t\t\t\t\t\t<\/a>\n\t\t\t\t\t\t\t<a class=\"e-gallery-item elementor-gallery-item elementor-animated-content\" href=\"https:\/\/www.ivopontes.com\/wp-content\/uploads\/2024\/08\/multimarmore-cores.png\" data-elementor-open-lightbox=\"yes\" data-elementor-lightbox-slideshow=\"25229082\" data-elementor-lightbox-title=\"multimarmore-cores\" data-e-action-hash=\"#elementor-action%3Aaction%3Dlightbox%26settings%3DeyJpZCI6MTk4OSwidXJsIjoiaHR0cHM6XC9cL3d3dy5pdm9wb250ZXMuY29tXC93cC1jb250ZW50XC91cGxvYWRzXC8yMDI0XC8wOFwvbXVsdGltYXJtb3JlLWNvcmVzLnBuZyIsInNsaWRlc2hvdyI6IjI1MjI5MDgyIn0%3D\">\n\t\t\t\t\t<div class=\"e-gallery-image elementor-gallery-item__image\" data-thumbnail=\"https:\/\/www.ivopontes.com\/wp-content\/uploads\/2024\/08\/multimarmore-cores-768x576.png\" data-width=\"768\" data-height=\"576\" aria-label=\"\" role=\"img\" ><\/div>\n\t\t\t\t\t\t\t\t\t\t\t\t\t\t<\/a>\n\t\t\t\t\t\t\t<a class=\"e-gallery-item elementor-gallery-item elementor-animated-content\" href=\"https:\/\/www.ivopontes.com\/wp-content\/uploads\/2024\/08\/banners-multimarmore-2.png\" data-elementor-open-lightbox=\"yes\" data-elementor-lightbox-slideshow=\"25229082\" data-elementor-lightbox-title=\"banners multimarmore (2)\" data-e-action-hash=\"#elementor-action%3Aaction%3Dlightbox%26settings%3DeyJpZCI6MjYwMCwidXJsIjoiaHR0cHM6XC9cL3d3dy5pdm9wb250ZXMuY29tXC93cC1jb250ZW50XC91cGxvYWRzXC8yMDI0XC8wOFwvYmFubmVycy1tdWx0aW1hcm1vcmUtMi5wbmciLCJzbGlkZXNob3ciOiIyNTIyOTA4MiJ9\">\n\t\t\t\t\t<div class=\"e-gallery-image elementor-gallery-item__image\" data-thumbnail=\"https:\/\/www.ivopontes.com\/wp-content\/uploads\/2024\/08\/banners-multimarmore-2-768x539.png\" data-width=\"768\" data-height=\"539\" aria-label=\"\" role=\"img\" ><\/div>\n\t\t\t\t\t\t\t\t\t\t\t\t\t\t<\/a>\n\t\t\t\t\t<\/div>\n\t\t\t\t\t<\/div>\n\t\t\t\t<\/div>\n\t\t\t\t\t<\/div>\n\t\t<\/div>\n\t\t\t\t\t<\/div>\n\t\t<\/section>\n\t\t\t\t<section class=\"elementor-section elementor-top-section elementor-element elementor-element-73c72199 animated-slow elementor-section-boxed elementor-section-height-default elementor-section-height-default elementor-invisible\" data-id=\"73c72199\" data-element_type=\"section\" data-e-type=\"section\" data-settings=\"{&quot;animation&quot;:&quot;fadeInUp&quot;}\">\n\t\t\t\t\t\t<div class=\"elementor-container elementor-column-gap-no\">\n\t\t\t\t\t<div class=\"elementor-column elementor-col-100 elementor-top-column elementor-element elementor-element-524597cc\" data-id=\"524597cc\" data-element_type=\"column\" data-e-type=\"column\">\n\t\t\t<div class=\"elementor-widget-wrap elementor-element-populated\">\n\t\t\t\t\t\t<div class=\"elementor-element elementor-element-546aad4b elementor-align-center elementor-widget__width-auto elementor-mobile-align-justify elementor-widget-mobile__width-inherit elementor-widget elementor-widget-button\" data-id=\"546aad4b\" data-element_type=\"widget\" data-e-type=\"widget\" data-widget_type=\"button.default\">\n\t\t\t\t<div class=\"elementor-widget-container\">\n\t\t\t\t\t\t\t\t\t<div class=\"elementor-button-wrapper\">\n\t\t\t\t\t<a class=\"elementor-button elementor-button-link elementor-size-md\" href=\"https:\/\/www.ivopontes.com\/pt\/portefolio\/\">\n\t\t\t\t\t\t<span class=\"elementor-button-content-wrapper\">\n\t\t\t\t\t\t<span class=\"elementor-button-icon\">\n\t\t\t\t<i aria-hidden=\"true\" class=\"fas fa-step-backward\"><\/i>\t\t\t<\/span>\n\t\t\t\t\t\t\t\t\t<span class=\"elementor-button-text\">VOLTAR AO PORTF\u00d3LIO<\/span>\n\t\t\t\t\t<\/span>\n\t\t\t\t\t<\/a>\n\t\t\t\t<\/div>\n\t\t\t\t\t\t\t\t<\/div>\n\t\t\t\t<\/div>\n\t\t\t\t\t<\/div>\n\t\t<\/div>\n\t\t\t\t\t<\/div>\n\t\t<\/section>\n\t\t\t\t<\/div>\n\t\t","protected":false},"excerpt":{"rendered":"<p>Branding, WEBSITE, PUBLICIDADE Multimarmore A Multimarmore, especialista em m\u00e1rmore de renome com mais de 50 anos de experi\u00eancia, associou-se a n\u00f3s para uma revitaliza\u00e7\u00e3o completa da marca. Renov\u00e1mos a marca Multimarmore com um novo slogan, redesenho do log\u00f3tipo e diretrizes de marca para refletir o seu estimado legado. O nosso trabalho incluiu a conce\u00e7\u00e3o de [&hellip;]<\/p>\n","protected":false},"author":1,"featured_media":0,"parent":2703,"menu_order":0,"comment_status":"closed","ping_status":"closed","template":"","meta":{"footnotes":""},"class_list":["post-2717","page","type-page","status-publish","hentry"],"yoast_head":"<!-- This site is optimized with the Yoast SEO plugin v27.4 - https:\/\/yoast.com\/product\/yoast-seo-wordpress\/ -->\n<title>Portef\u00f3lio | Multimarmore, especialista em m\u00e1rmore<\/title>\n<meta name=\"description\" content=\"Renov\u00e1mos a marca Multimarmore com um novo slogan, redesenho do log\u00f3tipo e diretrizes de marca para refletir o seu estimado legado.\" \/>\n<meta name=\"robots\" content=\"index, follow, max-snippet:-1, max-image-preview:large, max-video-preview:-1\" \/>\n<link rel=\"canonical\" href=\"https:\/\/www.ivopontes.com\/pt\/portefolio\/multimarmore\/\" \/>\n<meta property=\"og:locale\" content=\"pt_PT\" \/>\n<meta property=\"og:type\" content=\"article\" \/>\n<meta property=\"og:title\" content=\"Portef\u00f3lio | Multimarmore, especialista em m\u00e1rmore\" \/>\n<meta property=\"og:description\" content=\"Renov\u00e1mos a marca Multimarmore com um novo slogan, redesenho do log\u00f3tipo e diretrizes de marca para refletir o seu estimado legado.\" \/>\n<meta property=\"og:url\" content=\"https:\/\/www.ivopontes.com\/pt\/portefolio\/multimarmore\/\" \/>\n<meta property=\"og:site_name\" content=\"Ivo Pontes\" \/>\n<meta property=\"article:publisher\" content=\"https:\/\/www.facebook.com\/ivopontesmarketing\/\" \/>\n<meta property=\"article:modified_time\" content=\"2024-10-22T09:10:01+00:00\" \/>\n<meta name=\"twitter:card\" content=\"summary_large_image\" \/>\n<meta name=\"twitter:label1\" content=\"Est. reading time\" \/>\n\t<meta name=\"twitter:data1\" content=\"1 minute\" \/>\n<script type=\"application\/ld+json\" class=\"yoast-schema-graph\">{\"@context\":\"https:\\\/\\\/schema.org\",\"@graph\":[{\"@type\":\"WebPage\",\"@id\":\"https:\\\/\\\/www.ivopontes.com\\\/pt\\\/portefolio\\\/multimarmore\\\/\",\"url\":\"https:\\\/\\\/www.ivopontes.com\\\/pt\\\/portefolio\\\/multimarmore\\\/\",\"name\":\"Portef\u00f3lio | Multimarmore, especialista em m\u00e1rmore\",\"isPartOf\":{\"@id\":\"https:\\\/\\\/www.ivopontes.com\\\/pt\\\/#website\"},\"datePublished\":\"2024-08-21T16:33:49+00:00\",\"dateModified\":\"2024-10-22T09:10:01+00:00\",\"description\":\"Renov\u00e1mos a marca Multimarmore com um novo slogan, redesenho do log\u00f3tipo e diretrizes de marca para refletir o seu estimado legado.\",\"breadcrumb\":{\"@id\":\"https:\\\/\\\/www.ivopontes.com\\\/pt\\\/portefolio\\\/multimarmore\\\/#breadcrumb\"},\"inLanguage\":\"pt\",\"potentialAction\":[{\"@type\":\"ReadAction\",\"target\":[\"https:\\\/\\\/www.ivopontes.com\\\/pt\\\/portefolio\\\/multimarmore\\\/\"]}]},{\"@type\":\"BreadcrumbList\",\"@id\":\"https:\\\/\\\/www.ivopontes.com\\\/pt\\\/portefolio\\\/multimarmore\\\/#breadcrumb\",\"itemListElement\":[{\"@type\":\"ListItem\",\"position\":1,\"name\":\"Home\",\"item\":\"https:\\\/\\\/www.ivopontes.com\\\/pt\\\/\"},{\"@type\":\"ListItem\",\"position\":2,\"name\":\"Portef\u00f3lio\",\"item\":\"https:\\\/\\\/www.ivopontes.com\\\/pt\\\/portefolio\\\/\"},{\"@type\":\"ListItem\",\"position\":3,\"name\":\"Multimarmore\"}]},{\"@type\":\"WebSite\",\"@id\":\"https:\\\/\\\/www.ivopontes.com\\\/pt\\\/#website\",\"url\":\"https:\\\/\\\/www.ivopontes.com\\\/pt\\\/\",\"name\":\"Ivo Pontes - Digital Marketing\",\"description\":\"Digital Marketing\",\"publisher\":{\"@id\":\"https:\\\/\\\/www.ivopontes.com\\\/pt\\\/#organization\"},\"potentialAction\":[{\"@type\":\"SearchAction\",\"target\":{\"@type\":\"EntryPoint\",\"urlTemplate\":\"https:\\\/\\\/www.ivopontes.com\\\/pt\\\/?s={search_term_string}\"},\"query-input\":{\"@type\":\"PropertyValueSpecification\",\"valueRequired\":true,\"valueName\":\"search_term_string\"}}],\"inLanguage\":\"pt\"},{\"@type\":\"Organization\",\"@id\":\"https:\\\/\\\/www.ivopontes.com\\\/pt\\\/#organization\",\"name\":\"Ivo Pontes - Digital Marketing\",\"url\":\"https:\\\/\\\/www.ivopontes.com\\\/pt\\\/\",\"logo\":{\"@type\":\"ImageObject\",\"inLanguage\":\"pt\",\"@id\":\"https:\\\/\\\/www.ivopontes.com\\\/pt\\\/#\\\/schema\\\/logo\\\/image\\\/\",\"url\":\"https:\\\/\\\/www.ivopontes.com\\\/wp-content\\\/uploads\\\/2024\\\/08\\\/logo-ivo-pontes.png\",\"contentUrl\":\"https:\\\/\\\/www.ivopontes.com\\\/wp-content\\\/uploads\\\/2024\\\/08\\\/logo-ivo-pontes.png\",\"width\":542,\"height\":223,\"caption\":\"Ivo Pontes - Digital Marketing\"},\"image\":{\"@id\":\"https:\\\/\\\/www.ivopontes.com\\\/pt\\\/#\\\/schema\\\/logo\\\/image\\\/\"},\"sameAs\":[\"https:\\\/\\\/www.facebook.com\\\/ivopontesmarketing\\\/\",\"https:\\\/\\\/www.instagram.com\\\/ivopontesmarketing\\\/\"]}]}<\/script>\n<!-- \/ Yoast SEO plugin. -->","yoast_head_json":{"title":"Portef\u00f3lio | Multimarmore, especialista em m\u00e1rmore","description":"Renov\u00e1mos a marca Multimarmore com um novo slogan, redesenho do log\u00f3tipo e diretrizes de marca para refletir o seu estimado legado.","robots":{"index":"index","follow":"follow","max-snippet":"max-snippet:-1","max-image-preview":"max-image-preview:large","max-video-preview":"max-video-preview:-1"},"canonical":"https:\/\/www.ivopontes.com\/pt\/portefolio\/multimarmore\/","og_locale":"pt_PT","og_type":"article","og_title":"Portef\u00f3lio | Multimarmore, especialista em m\u00e1rmore","og_description":"Renov\u00e1mos a marca Multimarmore com um novo slogan, redesenho do log\u00f3tipo e diretrizes de marca para refletir o seu estimado legado.","og_url":"https:\/\/www.ivopontes.com\/pt\/portefolio\/multimarmore\/","og_site_name":"Ivo Pontes","article_publisher":"https:\/\/www.facebook.com\/ivopontesmarketing\/","article_modified_time":"2024-10-22T09:10:01+00:00","twitter_card":"summary_large_image","twitter_misc":{"Est. reading time":"1 minute"},"schema":{"@context":"https:\/\/schema.org","@graph":[{"@type":"WebPage","@id":"https:\/\/www.ivopontes.com\/pt\/portefolio\/multimarmore\/","url":"https:\/\/www.ivopontes.com\/pt\/portefolio\/multimarmore\/","name":"Portef\u00f3lio | Multimarmore, especialista em m\u00e1rmore","isPartOf":{"@id":"https:\/\/www.ivopontes.com\/pt\/#website"},"datePublished":"2024-08-21T16:33:49+00:00","dateModified":"2024-10-22T09:10:01+00:00","description":"Renov\u00e1mos a marca Multimarmore com um novo slogan, redesenho do log\u00f3tipo e diretrizes de marca para refletir o seu estimado legado.","breadcrumb":{"@id":"https:\/\/www.ivopontes.com\/pt\/portefolio\/multimarmore\/#breadcrumb"},"inLanguage":"pt","potentialAction":[{"@type":"ReadAction","target":["https:\/\/www.ivopontes.com\/pt\/portefolio\/multimarmore\/"]}]},{"@type":"BreadcrumbList","@id":"https:\/\/www.ivopontes.com\/pt\/portefolio\/multimarmore\/#breadcrumb","itemListElement":[{"@type":"ListItem","position":1,"name":"Home","item":"https:\/\/www.ivopontes.com\/pt\/"},{"@type":"ListItem","position":2,"name":"Portef\u00f3lio","item":"https:\/\/www.ivopontes.com\/pt\/portefolio\/"},{"@type":"ListItem","position":3,"name":"Multimarmore"}]},{"@type":"WebSite","@id":"https:\/\/www.ivopontes.com\/pt\/#website","url":"https:\/\/www.ivopontes.com\/pt\/","name":"Ivo Pontes - Digital Marketing","description":"Digital Marketing","publisher":{"@id":"https:\/\/www.ivopontes.com\/pt\/#organization"},"potentialAction":[{"@type":"SearchAction","target":{"@type":"EntryPoint","urlTemplate":"https:\/\/www.ivopontes.com\/pt\/?s={search_term_string}"},"query-input":{"@type":"PropertyValueSpecification","valueRequired":true,"valueName":"search_term_string"}}],"inLanguage":"pt"},{"@type":"Organization","@id":"https:\/\/www.ivopontes.com\/pt\/#organization","name":"Ivo Pontes - Digital Marketing","url":"https:\/\/www.ivopontes.com\/pt\/","logo":{"@type":"ImageObject","inLanguage":"pt","@id":"https:\/\/www.ivopontes.com\/pt\/#\/schema\/logo\/image\/","url":"https:\/\/www.ivopontes.com\/wp-content\/uploads\/2024\/08\/logo-ivo-pontes.png","contentUrl":"https:\/\/www.ivopontes.com\/wp-content\/uploads\/2024\/08\/logo-ivo-pontes.png","width":542,"height":223,"caption":"Ivo Pontes - Digital Marketing"},"image":{"@id":"https:\/\/www.ivopontes.com\/pt\/#\/schema\/logo\/image\/"},"sameAs":["https:\/\/www.facebook.com\/ivopontesmarketing\/","https:\/\/www.instagram.com\/ivopontesmarketing\/"]}]}},"_links":{"self":[{"href":"https:\/\/www.ivopontes.com\/pt\/wp-json\/wp\/v2\/pages\/2717","targetHints":{"allow":["GET"]}}],"collection":[{"href":"https:\/\/www.ivopontes.com\/pt\/wp-json\/wp\/v2\/pages"}],"about":[{"href":"https:\/\/www.ivopontes.com\/pt\/wp-json\/wp\/v2\/types\/page"}],"author":[{"embeddable":true,"href":"https:\/\/www.ivopontes.com\/pt\/wp-json\/wp\/v2\/users\/1"}],"replies":[{"embeddable":true,"href":"https:\/\/www.ivopontes.com\/pt\/wp-json\/wp\/v2\/comments?post=2717"}],"version-history":[{"count":4,"href":"https:\/\/www.ivopontes.com\/pt\/wp-json\/wp\/v2\/pages\/2717\/revisions"}],"predecessor-version":[{"id":2918,"href":"https:\/\/www.ivopontes.com\/pt\/wp-json\/wp\/v2\/pages\/2717\/revisions\/2918"}],"up":[{"embeddable":true,"href":"https:\/\/www.ivopontes.com\/pt\/wp-json\/wp\/v2\/pages\/2703"}],"wp:attachment":[{"href":"https:\/\/www.ivopontes.com\/pt\/wp-json\/wp\/v2\/media?parent=2717"}],"curies":[{"name":"wp","href":"https:\/\/api.w.org\/{rel}","templated":true}]}}