{"id":2707,"date":"2024-08-21T18:14:03","date_gmt":"2024-08-21T18:14:03","guid":{"rendered":"https:\/\/www.ivopontes.com\/portfolio\/drp-advisers\/"},"modified":"2024-10-22T09:13:53","modified_gmt":"2024-10-22T09:13:53","slug":"drp-advisers","status":"publish","type":"page","link":"https:\/\/www.ivopontes.com\/pt\/portefolio\/drp-advisers\/","title":{"rendered":"DRP Advisers"},"content":{"rendered":"\t\t<div data-elementor-type=\"wp-page\" data-elementor-id=\"2707\" class=\"elementor elementor-2707 elementor-1012\" data-elementor-post-type=\"page\">\n\t\t\t\t\t\t<section class=\"elementor-section elementor-top-section elementor-element elementor-element-40a2e6d8 elementor-section-content-middle elementor-section-boxed elementor-section-height-default elementor-section-height-default\" data-id=\"40a2e6d8\" data-element_type=\"section\" data-e-type=\"section\" data-settings=\"{&quot;background_background&quot;:&quot;classic&quot;}\">\n\t\t\t\t\t\t\t<div class=\"elementor-background-overlay\"><\/div>\n\t\t\t\t\t\t\t<div class=\"elementor-container elementor-column-gap-no\">\n\t\t\t\t\t<div class=\"elementor-column elementor-col-100 elementor-top-column elementor-element elementor-element-860cab3\" data-id=\"860cab3\" data-element_type=\"column\" data-e-type=\"column\">\n\t\t\t<div class=\"elementor-widget-wrap elementor-element-populated\">\n\t\t\t\t\t\t<div class=\"elementor-element elementor-element-fda5d6a elementor-icon-list--layout-inline elementor-align-center elementor-list-item-link-full_width elementor-widget elementor-widget-icon-list\" data-id=\"fda5d6a\" data-element_type=\"widget\" data-e-type=\"widget\" data-widget_type=\"icon-list.default\">\n\t\t\t\t<div class=\"elementor-widget-container\">\n\t\t\t\t\t\t\t<ul class=\"elementor-icon-list-items elementor-inline-items\">\n\t\t\t\t\t\t\t<li class=\"elementor-icon-list-item elementor-inline-item\">\n\t\t\t\t\t\t\t\t\t\t\t<span class=\"elementor-icon-list-icon\">\n\t\t\t\t\t\t\t<i aria-hidden=\"true\" class=\"fas fa-circle-notch\"><\/i>\t\t\t\t\t\t<\/span>\n\t\t\t\t\t\t\t\t\t\t<span class=\"elementor-icon-list-text\">WEBSITE, PUBLICIDADE<\/span>\n\t\t\t\t\t\t\t\t\t<\/li>\n\t\t\t\t\t\t<\/ul>\n\t\t\t\t\t\t<\/div>\n\t\t\t\t<\/div>\n\t\t\t\t<div class=\"elementor-element elementor-element-6a78c000 elementor-widget elementor-widget-heading\" data-id=\"6a78c000\" data-element_type=\"widget\" data-e-type=\"widget\" data-widget_type=\"heading.default\">\n\t\t\t\t<div class=\"elementor-widget-container\">\n\t\t\t\t\t<h1 class=\"elementor-heading-title elementor-size-default\">DRP Advisers<\/h1>\t\t\t\t<\/div>\n\t\t\t\t<\/div>\n\t\t\t\t\t<\/div>\n\t\t<\/div>\n\t\t\t\t\t<\/div>\n\t\t<\/section>\n\t\t\t\t<section class=\"elementor-section elementor-top-section elementor-element elementor-element-7269024a elementor-section-boxed elementor-section-height-default elementor-section-height-default\" data-id=\"7269024a\" data-element_type=\"section\" data-e-type=\"section\">\n\t\t\t\t\t\t<div class=\"elementor-container elementor-column-gap-no\">\n\t\t\t\t\t<div class=\"elementor-column elementor-col-50 elementor-top-column elementor-element elementor-element-f066110\" data-id=\"f066110\" data-element_type=\"column\" data-e-type=\"column\">\n\t\t\t<div class=\"elementor-widget-wrap elementor-element-populated\">\n\t\t\t\t\t\t<div class=\"elementor-element elementor-element-78383fa9 elementor-invisible elementor-widget elementor-widget-heading\" data-id=\"78383fa9\" data-element_type=\"widget\" data-e-type=\"widget\" data-settings=\"{&quot;_animation&quot;:&quot;fadeInDown&quot;}\" data-widget_type=\"heading.default\">\n\t\t\t\t<div class=\"elementor-widget-container\">\n\t\t\t\t\t<h3 class=\"elementor-heading-title elementor-size-default\">A DRP Advisers, uma consultora de topo em Portugal, fornece solu\u00e7\u00f5es especializadas para transac\u00e7\u00f5es e investimentos imobili\u00e1rios, tanto a n\u00edvel local como global.<\/h3>\t\t\t\t<\/div>\n\t\t\t\t<\/div>\n\t\t\t\t<div class=\"elementor-element elementor-element-5b370ffa elementor-widget elementor-widget-text-editor\" data-id=\"5b370ffa\" data-element_type=\"widget\" data-e-type=\"widget\" data-widget_type=\"text-editor.default\">\n\t\t\t\t<div class=\"elementor-widget-container\">\n\t\t\t\t\t\t\t\t\t<p>Para a DRP Advisers, desenvolvemos uma presen\u00e7a digital estrat\u00e9gica com foco em cinco p\u00e1ginas de destino direcionadas para diferentes regi\u00f5es de Portugal. O nosso trabalho incluiu a cria\u00e7\u00e3o de conte\u00fados envolventes e informativos adaptados a cada \u00e1rea para atrair clientes locais e internacionais. Adicionalmente, implement\u00e1mos uma robusta campanha de publicidade digital para aumentar a visibilidade e conduzir a consultas diretas.  <\/p>\n<p>Esta abordagem direcionada melhorou significativamente a capacidade da DRP Advisers para estabelecer contacto com potenciais clientes e mostrar a sua experi\u00eancia no mercado imobili\u00e1rio.<\/p>\n\t\t\t\t\t\t\t\t<\/div>\n\t\t\t\t<\/div>\n\t\t\t\t<div class=\"elementor-element elementor-element-422bc57d elementor-icon-list--layout-traditional elementor-list-item-link-full_width elementor-invisible elementor-widget elementor-widget-icon-list\" data-id=\"422bc57d\" data-element_type=\"widget\" data-e-type=\"widget\" data-settings=\"{&quot;_animation&quot;:&quot;fadeInUp&quot;}\" data-widget_type=\"icon-list.default\">\n\t\t\t\t<div class=\"elementor-widget-container\">\n\t\t\t\t\t\t\t<ul class=\"elementor-icon-list-items\">\n\t\t\t\t\t\t\t<li class=\"elementor-icon-list-item\">\n\t\t\t\t\t\t\t\t\t\t\t<span class=\"elementor-icon-list-icon\">\n\t\t\t\t\t\t\t<i aria-hidden=\"true\" class=\"fas fa-user-alt\"><\/i>\t\t\t\t\t\t<\/span>\n\t\t\t\t\t\t\t\t\t\t<span class=\"elementor-icon-list-text\">DRP Advisers<\/span>\n\t\t\t\t\t\t\t\t\t<\/li>\n\t\t\t\t\t\t\t\t<li class=\"elementor-icon-list-item\">\n\t\t\t\t\t\t\t\t\t\t\t<span class=\"elementor-icon-list-icon\">\n\t\t\t\t\t\t\t<i aria-hidden=\"true\" class=\"fas fa-map-marker-alt\"><\/i>\t\t\t\t\t\t<\/span>\n\t\t\t\t\t\t\t\t\t\t<span class=\"elementor-icon-list-text\">Funchal<\/span>\n\t\t\t\t\t\t\t\t\t<\/li>\n\t\t\t\t\t\t\t\t<li class=\"elementor-icon-list-item\">\n\t\t\t\t\t\t\t\t\t\t\t<span class=\"elementor-icon-list-icon\">\n\t\t\t\t\t\t\t<i aria-hidden=\"true\" class=\"far fa-calendar-check\"><\/i>\t\t\t\t\t\t<\/span>\n\t\t\t\t\t\t\t\t\t\t<span class=\"elementor-icon-list-text\">Maio 2024<\/span>\n\t\t\t\t\t\t\t\t\t<\/li>\n\t\t\t\t\t\t<\/ul>\n\t\t\t\t\t\t<\/div>\n\t\t\t\t<\/div>\n\t\t\t\t<div class=\"elementor-element elementor-element-603bcafc e-transform elementor-mobile-align-left elementor-widget-mobile__width-inherit animated-slow elementor-invisible elementor-widget elementor-widget-button\" data-id=\"603bcafc\" data-element_type=\"widget\" data-e-type=\"widget\" data-settings=\"{&quot;_transform_translateY_effect_hover&quot;:{&quot;unit&quot;:&quot;px&quot;,&quot;size&quot;:-4,&quot;sizes&quot;:[]},&quot;_animation&quot;:&quot;fadeInUp&quot;,&quot;_transform_translateX_effect_hover&quot;:{&quot;unit&quot;:&quot;px&quot;,&quot;size&quot;:&quot;&quot;,&quot;sizes&quot;:[]},&quot;_transform_translateX_effect_hover_tablet&quot;:{&quot;unit&quot;:&quot;px&quot;,&quot;size&quot;:&quot;&quot;,&quot;sizes&quot;:[]},&quot;_transform_translateX_effect_hover_mobile&quot;:{&quot;unit&quot;:&quot;px&quot;,&quot;size&quot;:&quot;&quot;,&quot;sizes&quot;:[]},&quot;_transform_translateY_effect_hover_tablet&quot;:{&quot;unit&quot;:&quot;px&quot;,&quot;size&quot;:&quot;&quot;,&quot;sizes&quot;:[]},&quot;_transform_translateY_effect_hover_mobile&quot;:{&quot;unit&quot;:&quot;px&quot;,&quot;size&quot;:&quot;&quot;,&quot;sizes&quot;:[]}}\" data-widget_type=\"button.default\">\n\t\t\t\t<div class=\"elementor-widget-container\">\n\t\t\t\t\t\t\t\t\t<div class=\"elementor-button-wrapper\">\n\t\t\t\t\t<a class=\"elementor-button elementor-button-link elementor-size-sm\" href=\"https:\/\/consulting.drpadvisers.com\/portugal\/\" target=\"_blank\">\n\t\t\t\t\t\t<span class=\"elementor-button-content-wrapper\">\n\t\t\t\t\t\t<span class=\"elementor-button-icon\">\n\t\t\t\t<i aria-hidden=\"true\" class=\"fas fa-chevron-right\"><\/i>\t\t\t<\/span>\n\t\t\t\t\t\t\t\t\t<span class=\"elementor-button-text\">Visitar WEBSITE<\/span>\n\t\t\t\t\t<\/span>\n\t\t\t\t\t<\/a>\n\t\t\t\t<\/div>\n\t\t\t\t\t\t\t\t<\/div>\n\t\t\t\t<\/div>\n\t\t\t\t\t<\/div>\n\t\t<\/div>\n\t\t\t\t<div class=\"elementor-column elementor-col-50 elementor-top-column elementor-element elementor-element-faff53a\" data-id=\"faff53a\" data-element_type=\"column\" data-e-type=\"column\">\n\t\t\t<div class=\"elementor-widget-wrap elementor-element-populated\">\n\t\t\t\t\t\t<div class=\"elementor-element elementor-element-1185980a elementor-widget elementor-widget-gallery\" data-id=\"1185980a\" data-element_type=\"widget\" data-e-type=\"widget\" data-settings=\"{&quot;gallery_layout&quot;:&quot;masonry&quot;,&quot;columns&quot;:2,&quot;gap&quot;:{&quot;unit&quot;:&quot;px&quot;,&quot;size&quot;:12,&quot;sizes&quot;:[]},&quot;image_hover_animation&quot;:&quot;grow&quot;,&quot;columns_mobile&quot;:2,&quot;gap_tablet&quot;:{&quot;unit&quot;:&quot;px&quot;,&quot;size&quot;:12,&quot;sizes&quot;:[]},&quot;gap_mobile&quot;:{&quot;unit&quot;:&quot;px&quot;,&quot;size&quot;:8,&quot;sizes&quot;:[]},&quot;lazyload&quot;:&quot;yes&quot;,&quot;columns_tablet&quot;:2,&quot;link_to&quot;:&quot;file&quot;,&quot;content_hover_animation&quot;:&quot;fade-in&quot;}\" data-widget_type=\"gallery.default\">\n\t\t\t\t<div class=\"elementor-widget-container\">\n\t\t\t\t\t\t\t<div class=\"elementor-gallery__container\">\n\t\t\t\t\t\t\t<a class=\"e-gallery-item elementor-gallery-item elementor-animated-content\" href=\"https:\/\/www.ivopontes.com\/wp-content\/uploads\/2024\/08\/drp-pc.jpg\" data-elementor-open-lightbox=\"yes\" data-elementor-lightbox-slideshow=\"1185980a\" data-elementor-lightbox-title=\"drp-pc\" data-e-action-hash=\"#elementor-action%3Aaction%3Dlightbox%26settings%3DeyJpZCI6MjI0NSwidXJsIjoiaHR0cHM6XC9cL3d3dy5pdm9wb250ZXMuY29tXC93cC1jb250ZW50XC91cGxvYWRzXC8yMDI0XC8wOFwvZHJwLXBjLmpwZyIsInNsaWRlc2hvdyI6IjExODU5ODBhIn0%3D\">\n\t\t\t\t\t<div class=\"e-gallery-image elementor-gallery-item__image\" data-thumbnail=\"https:\/\/www.ivopontes.com\/wp-content\/uploads\/2024\/08\/drp-pc-768x576.jpg\" data-width=\"768\" data-height=\"576\" aria-label=\"\" role=\"img\" ><\/div>\n\t\t\t\t\t\t\t\t\t\t\t\t\t\t<\/a>\n\t\t\t\t\t\t\t<a class=\"e-gallery-item elementor-gallery-item elementor-animated-content\" href=\"https:\/\/www.ivopontes.com\/wp-content\/uploads\/2024\/08\/drp-telm1.jpg\" data-elementor-open-lightbox=\"yes\" data-elementor-lightbox-slideshow=\"1185980a\" data-elementor-lightbox-title=\"drp-telm1\" data-e-action-hash=\"#elementor-action%3Aaction%3Dlightbox%26settings%3DeyJpZCI6MjAyMSwidXJsIjoiaHR0cHM6XC9cL3d3dy5pdm9wb250ZXMuY29tXC93cC1jb250ZW50XC91cGxvYWRzXC8yMDI0XC8wOFwvZHJwLXRlbG0xLmpwZyIsInNsaWRlc2hvdyI6IjExODU5ODBhIn0%3D\">\n\t\t\t\t\t<div class=\"e-gallery-image elementor-gallery-item__image\" data-thumbnail=\"https:\/\/www.ivopontes.com\/wp-content\/uploads\/2024\/08\/drp-telm1-768x1024.jpg\" data-width=\"768\" data-height=\"1024\" aria-label=\"\" role=\"img\" ><\/div>\n\t\t\t\t\t\t\t\t\t\t\t\t\t\t<\/a>\n\t\t\t\t\t\t\t<a class=\"e-gallery-item elementor-gallery-item elementor-animated-content\" href=\"https:\/\/www.ivopontes.com\/wp-content\/uploads\/2024\/08\/banners-drp-1.png\" data-elementor-open-lightbox=\"yes\" data-elementor-lightbox-slideshow=\"1185980a\" data-elementor-lightbox-title=\"banners drp (1)\" data-e-action-hash=\"#elementor-action%3Aaction%3Dlightbox%26settings%3DeyJpZCI6MjIwOCwidXJsIjoiaHR0cHM6XC9cL3d3dy5pdm9wb250ZXMuY29tXC93cC1jb250ZW50XC91cGxvYWRzXC8yMDI0XC8wOFwvYmFubmVycy1kcnAtMS5wbmciLCJzbGlkZXNob3ciOiIxMTg1OTgwYSJ9\">\n\t\t\t\t\t<div class=\"e-gallery-image elementor-gallery-item__image\" data-thumbnail=\"https:\/\/www.ivopontes.com\/wp-content\/uploads\/2024\/08\/banners-drp-1-768x539.png\" data-width=\"768\" data-height=\"539\" aria-label=\"\" role=\"img\" ><\/div>\n\t\t\t\t\t\t\t\t\t\t\t\t\t\t<\/a>\n\t\t\t\t\t\t\t<a class=\"e-gallery-item elementor-gallery-item elementor-animated-content\" href=\"https:\/\/www.ivopontes.com\/wp-content\/uploads\/2024\/08\/766-1.png\" data-elementor-open-lightbox=\"yes\" data-elementor-lightbox-slideshow=\"1185980a\" data-elementor-lightbox-title=\"766 (1)\" data-e-action-hash=\"#elementor-action%3Aaction%3Dlightbox%26settings%3DeyJpZCI6MjA2NiwidXJsIjoiaHR0cHM6XC9cL3d3dy5pdm9wb250ZXMuY29tXC93cC1jb250ZW50XC91cGxvYWRzXC8yMDI0XC8wOFwvNzY2LTEucG5nIiwic2xpZGVzaG93IjoiMTE4NTk4MGEifQ%3D%3D\">\n\t\t\t\t\t<div class=\"e-gallery-image elementor-gallery-item__image\" data-thumbnail=\"https:\/\/www.ivopontes.com\/wp-content\/uploads\/2024\/08\/766-1-768x576.png\" data-width=\"768\" data-height=\"576\" aria-label=\"\" role=\"img\" ><\/div>\n\t\t\t\t\t\t\t\t\t\t\t\t\t\t<\/a>\n\t\t\t\t\t\t\t<a class=\"e-gallery-item elementor-gallery-item elementor-animated-content\" href=\"https:\/\/www.ivopontes.com\/wp-content\/uploads\/2024\/08\/drp-cores.png\" data-elementor-open-lightbox=\"yes\" data-elementor-lightbox-slideshow=\"1185980a\" data-elementor-lightbox-title=\"drp-cores\" data-e-action-hash=\"#elementor-action%3Aaction%3Dlightbox%26settings%3DeyJpZCI6MjAyMCwidXJsIjoiaHR0cHM6XC9cL3d3dy5pdm9wb250ZXMuY29tXC93cC1jb250ZW50XC91cGxvYWRzXC8yMDI0XC8wOFwvZHJwLWNvcmVzLnBuZyIsInNsaWRlc2hvdyI6IjExODU5ODBhIn0%3D\">\n\t\t\t\t\t<div class=\"e-gallery-image elementor-gallery-item__image\" data-thumbnail=\"https:\/\/www.ivopontes.com\/wp-content\/uploads\/2024\/08\/drp-cores-768x576.png\" data-width=\"768\" data-height=\"576\" aria-label=\"\" role=\"img\" ><\/div>\n\t\t\t\t\t\t\t\t\t\t\t\t\t\t<\/a>\n\t\t\t\t\t<\/div>\n\t\t\t\t\t<\/div>\n\t\t\t\t<\/div>\n\t\t\t\t\t<\/div>\n\t\t<\/div>\n\t\t\t\t\t<\/div>\n\t\t<\/section>\n\t\t\t\t<section class=\"elementor-section elementor-top-section elementor-element elementor-element-1cafee1b animated-slow elementor-section-boxed elementor-section-height-default elementor-section-height-default elementor-invisible\" data-id=\"1cafee1b\" data-element_type=\"section\" data-e-type=\"section\" data-settings=\"{&quot;animation&quot;:&quot;fadeInUp&quot;}\">\n\t\t\t\t\t\t<div class=\"elementor-container elementor-column-gap-no\">\n\t\t\t\t\t<div class=\"elementor-column elementor-col-100 elementor-top-column elementor-element elementor-element-71dc1787\" data-id=\"71dc1787\" data-element_type=\"column\" data-e-type=\"column\">\n\t\t\t<div class=\"elementor-widget-wrap elementor-element-populated\">\n\t\t\t\t\t\t<div class=\"elementor-element elementor-element-500b8225 elementor-align-center elementor-widget__width-auto elementor-mobile-align-justify elementor-widget-mobile__width-inherit elementor-widget elementor-widget-button\" data-id=\"500b8225\" data-element_type=\"widget\" data-e-type=\"widget\" data-widget_type=\"button.default\">\n\t\t\t\t<div class=\"elementor-widget-container\">\n\t\t\t\t\t\t\t\t\t<div class=\"elementor-button-wrapper\">\n\t\t\t\t\t<a class=\"elementor-button elementor-button-link elementor-size-md\" href=\"https:\/\/www.ivopontes.com\/pt\/portefolio\/\">\n\t\t\t\t\t\t<span class=\"elementor-button-content-wrapper\">\n\t\t\t\t\t\t<span class=\"elementor-button-icon\">\n\t\t\t\t<i aria-hidden=\"true\" class=\"fas fa-step-backward\"><\/i>\t\t\t<\/span>\n\t\t\t\t\t\t\t\t\t<span class=\"elementor-button-text\">VOLTAR AO PORTF\u00d3LIO<\/span>\n\t\t\t\t\t<\/span>\n\t\t\t\t\t<\/a>\n\t\t\t\t<\/div>\n\t\t\t\t\t\t\t\t<\/div>\n\t\t\t\t<\/div>\n\t\t\t\t\t<\/div>\n\t\t<\/div>\n\t\t\t\t\t<\/div>\n\t\t<\/section>\n\t\t\t\t<\/div>\n\t\t","protected":false},"excerpt":{"rendered":"<p>WEBSITE, PUBLICIDADE DRP Advisers A DRP Advisers, uma consultora de topo em Portugal, fornece solu\u00e7\u00f5es especializadas para transac\u00e7\u00f5es e investimentos imobili\u00e1rios, tanto a n\u00edvel local como global. Para a DRP Advisers, desenvolvemos uma presen\u00e7a digital estrat\u00e9gica com foco em cinco p\u00e1ginas de destino direcionadas para diferentes regi\u00f5es de Portugal. O nosso trabalho incluiu a cria\u00e7\u00e3o [&hellip;]<\/p>\n","protected":false},"author":1,"featured_media":0,"parent":2703,"menu_order":0,"comment_status":"closed","ping_status":"closed","template":"","meta":{"footnotes":""},"class_list":["post-2707","page","type-page","status-publish","hentry"],"yoast_head":"<!-- This site is optimized with the Yoast SEO plugin v27.4 - https:\/\/yoast.com\/product\/yoast-seo-wordpress\/ -->\n<title>Portef\u00f3lio | DRP Advisers, uma consultora de topo em Portugal<\/title>\n<meta name=\"description\" content=\"Para a DRP Advisers, desenvolvemos uma presen\u00e7a digital estrat\u00e9gica com foco em cinco p\u00e1ginas de destino direcionadas para diferentes...\" \/>\n<meta name=\"robots\" content=\"index, follow, max-snippet:-1, max-image-preview:large, max-video-preview:-1\" \/>\n<link rel=\"canonical\" href=\"https:\/\/www.ivopontes.com\/pt\/portefolio\/drp-advisers\/\" \/>\n<meta property=\"og:locale\" content=\"pt_PT\" \/>\n<meta property=\"og:type\" content=\"article\" \/>\n<meta property=\"og:title\" content=\"Portef\u00f3lio | DRP Advisers, uma consultora de topo em Portugal\" \/>\n<meta property=\"og:description\" content=\"Para a DRP Advisers, desenvolvemos uma presen\u00e7a digital estrat\u00e9gica com foco em cinco p\u00e1ginas de destino direcionadas para diferentes...\" \/>\n<meta property=\"og:url\" content=\"https:\/\/www.ivopontes.com\/pt\/portefolio\/drp-advisers\/\" \/>\n<meta property=\"og:site_name\" content=\"Ivo Pontes\" \/>\n<meta property=\"article:publisher\" content=\"https:\/\/www.facebook.com\/ivopontesmarketing\/\" \/>\n<meta property=\"article:modified_time\" content=\"2024-10-22T09:13:53+00:00\" \/>\n<meta name=\"twitter:card\" content=\"summary_large_image\" \/>\n<meta name=\"twitter:label1\" content=\"Est. reading time\" \/>\n\t<meta name=\"twitter:data1\" content=\"1 minute\" \/>\n<script type=\"application\/ld+json\" class=\"yoast-schema-graph\">{\"@context\":\"https:\\\/\\\/schema.org\",\"@graph\":[{\"@type\":\"WebPage\",\"@id\":\"https:\\\/\\\/www.ivopontes.com\\\/pt\\\/portefolio\\\/drp-advisers\\\/\",\"url\":\"https:\\\/\\\/www.ivopontes.com\\\/pt\\\/portefolio\\\/drp-advisers\\\/\",\"name\":\"Portef\u00f3lio | DRP Advisers, uma consultora de topo em Portugal\",\"isPartOf\":{\"@id\":\"https:\\\/\\\/www.ivopontes.com\\\/pt\\\/#website\"},\"datePublished\":\"2024-08-21T18:14:03+00:00\",\"dateModified\":\"2024-10-22T09:13:53+00:00\",\"description\":\"Para a DRP Advisers, desenvolvemos uma presen\u00e7a digital estrat\u00e9gica com foco em cinco p\u00e1ginas de destino direcionadas para diferentes...\",\"breadcrumb\":{\"@id\":\"https:\\\/\\\/www.ivopontes.com\\\/pt\\\/portefolio\\\/drp-advisers\\\/#breadcrumb\"},\"inLanguage\":\"pt\",\"potentialAction\":[{\"@type\":\"ReadAction\",\"target\":[\"https:\\\/\\\/www.ivopontes.com\\\/pt\\\/portefolio\\\/drp-advisers\\\/\"]}]},{\"@type\":\"BreadcrumbList\",\"@id\":\"https:\\\/\\\/www.ivopontes.com\\\/pt\\\/portefolio\\\/drp-advisers\\\/#breadcrumb\",\"itemListElement\":[{\"@type\":\"ListItem\",\"position\":1,\"name\":\"Home\",\"item\":\"https:\\\/\\\/www.ivopontes.com\\\/pt\\\/\"},{\"@type\":\"ListItem\",\"position\":2,\"name\":\"Portef\u00f3lio\",\"item\":\"https:\\\/\\\/www.ivopontes.com\\\/pt\\\/portefolio\\\/\"},{\"@type\":\"ListItem\",\"position\":3,\"name\":\"DRP Advisers\"}]},{\"@type\":\"WebSite\",\"@id\":\"https:\\\/\\\/www.ivopontes.com\\\/pt\\\/#website\",\"url\":\"https:\\\/\\\/www.ivopontes.com\\\/pt\\\/\",\"name\":\"Ivo Pontes - Digital Marketing\",\"description\":\"Digital Marketing\",\"publisher\":{\"@id\":\"https:\\\/\\\/www.ivopontes.com\\\/pt\\\/#organization\"},\"potentialAction\":[{\"@type\":\"SearchAction\",\"target\":{\"@type\":\"EntryPoint\",\"urlTemplate\":\"https:\\\/\\\/www.ivopontes.com\\\/pt\\\/?s={search_term_string}\"},\"query-input\":{\"@type\":\"PropertyValueSpecification\",\"valueRequired\":true,\"valueName\":\"search_term_string\"}}],\"inLanguage\":\"pt\"},{\"@type\":\"Organization\",\"@id\":\"https:\\\/\\\/www.ivopontes.com\\\/pt\\\/#organization\",\"name\":\"Ivo Pontes - Digital Marketing\",\"url\":\"https:\\\/\\\/www.ivopontes.com\\\/pt\\\/\",\"logo\":{\"@type\":\"ImageObject\",\"inLanguage\":\"pt\",\"@id\":\"https:\\\/\\\/www.ivopontes.com\\\/pt\\\/#\\\/schema\\\/logo\\\/image\\\/\",\"url\":\"https:\\\/\\\/www.ivopontes.com\\\/wp-content\\\/uploads\\\/2024\\\/08\\\/logo-ivo-pontes.png\",\"contentUrl\":\"https:\\\/\\\/www.ivopontes.com\\\/wp-content\\\/uploads\\\/2024\\\/08\\\/logo-ivo-pontes.png\",\"width\":542,\"height\":223,\"caption\":\"Ivo Pontes - Digital Marketing\"},\"image\":{\"@id\":\"https:\\\/\\\/www.ivopontes.com\\\/pt\\\/#\\\/schema\\\/logo\\\/image\\\/\"},\"sameAs\":[\"https:\\\/\\\/www.facebook.com\\\/ivopontesmarketing\\\/\",\"https:\\\/\\\/www.instagram.com\\\/ivopontesmarketing\\\/\"]}]}<\/script>\n<!-- \/ Yoast SEO plugin. -->","yoast_head_json":{"title":"Portef\u00f3lio | DRP Advisers, uma consultora de topo em Portugal","description":"Para a DRP Advisers, desenvolvemos uma presen\u00e7a digital estrat\u00e9gica com foco em cinco p\u00e1ginas de destino direcionadas para diferentes...","robots":{"index":"index","follow":"follow","max-snippet":"max-snippet:-1","max-image-preview":"max-image-preview:large","max-video-preview":"max-video-preview:-1"},"canonical":"https:\/\/www.ivopontes.com\/pt\/portefolio\/drp-advisers\/","og_locale":"pt_PT","og_type":"article","og_title":"Portef\u00f3lio | DRP Advisers, uma consultora de topo em Portugal","og_description":"Para a DRP Advisers, desenvolvemos uma presen\u00e7a digital estrat\u00e9gica com foco em cinco p\u00e1ginas de destino direcionadas para diferentes...","og_url":"https:\/\/www.ivopontes.com\/pt\/portefolio\/drp-advisers\/","og_site_name":"Ivo Pontes","article_publisher":"https:\/\/www.facebook.com\/ivopontesmarketing\/","article_modified_time":"2024-10-22T09:13:53+00:00","twitter_card":"summary_large_image","twitter_misc":{"Est. reading time":"1 minute"},"schema":{"@context":"https:\/\/schema.org","@graph":[{"@type":"WebPage","@id":"https:\/\/www.ivopontes.com\/pt\/portefolio\/drp-advisers\/","url":"https:\/\/www.ivopontes.com\/pt\/portefolio\/drp-advisers\/","name":"Portef\u00f3lio | DRP Advisers, uma consultora de topo em Portugal","isPartOf":{"@id":"https:\/\/www.ivopontes.com\/pt\/#website"},"datePublished":"2024-08-21T18:14:03+00:00","dateModified":"2024-10-22T09:13:53+00:00","description":"Para a DRP Advisers, desenvolvemos uma presen\u00e7a digital estrat\u00e9gica com foco em cinco p\u00e1ginas de destino direcionadas para diferentes...","breadcrumb":{"@id":"https:\/\/www.ivopontes.com\/pt\/portefolio\/drp-advisers\/#breadcrumb"},"inLanguage":"pt","potentialAction":[{"@type":"ReadAction","target":["https:\/\/www.ivopontes.com\/pt\/portefolio\/drp-advisers\/"]}]},{"@type":"BreadcrumbList","@id":"https:\/\/www.ivopontes.com\/pt\/portefolio\/drp-advisers\/#breadcrumb","itemListElement":[{"@type":"ListItem","position":1,"name":"Home","item":"https:\/\/www.ivopontes.com\/pt\/"},{"@type":"ListItem","position":2,"name":"Portef\u00f3lio","item":"https:\/\/www.ivopontes.com\/pt\/portefolio\/"},{"@type":"ListItem","position":3,"name":"DRP Advisers"}]},{"@type":"WebSite","@id":"https:\/\/www.ivopontes.com\/pt\/#website","url":"https:\/\/www.ivopontes.com\/pt\/","name":"Ivo Pontes - Digital Marketing","description":"Digital Marketing","publisher":{"@id":"https:\/\/www.ivopontes.com\/pt\/#organization"},"potentialAction":[{"@type":"SearchAction","target":{"@type":"EntryPoint","urlTemplate":"https:\/\/www.ivopontes.com\/pt\/?s={search_term_string}"},"query-input":{"@type":"PropertyValueSpecification","valueRequired":true,"valueName":"search_term_string"}}],"inLanguage":"pt"},{"@type":"Organization","@id":"https:\/\/www.ivopontes.com\/pt\/#organization","name":"Ivo Pontes - Digital Marketing","url":"https:\/\/www.ivopontes.com\/pt\/","logo":{"@type":"ImageObject","inLanguage":"pt","@id":"https:\/\/www.ivopontes.com\/pt\/#\/schema\/logo\/image\/","url":"https:\/\/www.ivopontes.com\/wp-content\/uploads\/2024\/08\/logo-ivo-pontes.png","contentUrl":"https:\/\/www.ivopontes.com\/wp-content\/uploads\/2024\/08\/logo-ivo-pontes.png","width":542,"height":223,"caption":"Ivo Pontes - Digital Marketing"},"image":{"@id":"https:\/\/www.ivopontes.com\/pt\/#\/schema\/logo\/image\/"},"sameAs":["https:\/\/www.facebook.com\/ivopontesmarketing\/","https:\/\/www.instagram.com\/ivopontesmarketing\/"]}]}},"_links":{"self":[{"href":"https:\/\/www.ivopontes.com\/pt\/wp-json\/wp\/v2\/pages\/2707","targetHints":{"allow":["GET"]}}],"collection":[{"href":"https:\/\/www.ivopontes.com\/pt\/wp-json\/wp\/v2\/pages"}],"about":[{"href":"https:\/\/www.ivopontes.com\/pt\/wp-json\/wp\/v2\/types\/page"}],"author":[{"embeddable":true,"href":"https:\/\/www.ivopontes.com\/pt\/wp-json\/wp\/v2\/users\/1"}],"replies":[{"embeddable":true,"href":"https:\/\/www.ivopontes.com\/pt\/wp-json\/wp\/v2\/comments?post=2707"}],"version-history":[{"count":3,"href":"https:\/\/www.ivopontes.com\/pt\/wp-json\/wp\/v2\/pages\/2707\/revisions"}],"predecessor-version":[{"id":2710,"href":"https:\/\/www.ivopontes.com\/pt\/wp-json\/wp\/v2\/pages\/2707\/revisions\/2710"}],"up":[{"embeddable":true,"href":"https:\/\/www.ivopontes.com\/pt\/wp-json\/wp\/v2\/pages\/2703"}],"wp:attachment":[{"href":"https:\/\/www.ivopontes.com\/pt\/wp-json\/wp\/v2\/media?parent=2707"}],"curies":[{"name":"wp","href":"https:\/\/api.w.org\/{rel}","templated":true}]}}