{"id":2703,"date":"2024-08-19T18:12:37","date_gmt":"2024-08-19T18:12:37","guid":{"rendered":"https:\/\/www.ivopontes.com\/portfolio\/"},"modified":"2025-10-17T15:33:20","modified_gmt":"2025-10-17T15:33:20","slug":"portefolio","status":"publish","type":"page","link":"https:\/\/www.ivopontes.com\/pt\/portefolio\/","title":{"rendered":"Portef\u00f3lio"},"content":{"rendered":"\t\t<div data-elementor-type=\"wp-page\" data-elementor-id=\"2703\" class=\"elementor elementor-2703 elementor-261\" data-elementor-post-type=\"page\">\n\t\t\t\t\t\t<section class=\"elementor-section elementor-top-section elementor-element elementor-element-584158cd elementor-section-content-middle elementor-section-boxed elementor-section-height-default elementor-section-height-default\" data-id=\"584158cd\" data-element_type=\"section\" data-e-type=\"section\" data-settings=\"{&quot;background_background&quot;:&quot;classic&quot;}\">\n\t\t\t\t\t\t\t<div class=\"elementor-background-overlay\"><\/div>\n\t\t\t\t\t\t\t<div class=\"elementor-container elementor-column-gap-no\">\n\t\t\t\t\t<div class=\"elementor-column elementor-col-100 elementor-top-column elementor-element elementor-element-6888c62d\" data-id=\"6888c62d\" data-element_type=\"column\" data-e-type=\"column\">\n\t\t\t<div class=\"elementor-widget-wrap elementor-element-populated\">\n\t\t\t\t\t\t<div class=\"elementor-element elementor-element-463609ab elementor-widget elementor-widget-icon-box\" data-id=\"463609ab\" data-element_type=\"widget\" data-e-type=\"widget\" data-widget_type=\"icon-box.default\">\n\t\t\t\t<div class=\"elementor-widget-container\">\n\t\t\t\t\t\t\t<div class=\"elementor-icon-box-wrapper\">\n\n\t\t\t\n\t\t\t\t\t\t<div class=\"elementor-icon-box-content\">\n\n\t\t\t\t\t\t\t\t\t<h1 class=\"elementor-icon-box-title\">\n\t\t\t\t\t\t<span  >\n\t\t\t\t\t\t\tPortef\u00f3lio\t\t\t\t\t\t<\/span>\n\t\t\t\t\t<\/h1>\n\t\t\t\t\n\t\t\t\t\t\t\t\t\t<p class=\"elementor-icon-box-description\">\n\t\t\t\t\t\tAqui est\u00e3o os nossos projetos recentes, que refletem nossa dedica\u00e7\u00e3o a solu\u00e7\u00f5es digitais inovadoras. Acreditamos no poder da tecnologia e do design para impulsionar empresas, com compromisso inabal\u00e1vel com qualidade e excel\u00eancia.\t\t\t\t\t<\/p>\n\t\t\t\t\n\t\t\t<\/div>\n\t\t\t\n\t\t<\/div>\n\t\t\t\t\t\t<\/div>\n\t\t\t\t<\/div>\n\t\t\t\t\t<\/div>\n\t\t<\/div>\n\t\t\t\t\t<\/div>\n\t\t<\/section>\n\t\t\t\t<section class=\"elementor-section elementor-top-section elementor-element elementor-element-6d56279b elementor-section-boxed elementor-section-height-default elementor-section-height-default\" data-id=\"6d56279b\" data-element_type=\"section\" data-e-type=\"section\">\n\t\t\t\t\t\t<div class=\"elementor-container elementor-column-gap-no\">\n\t\t\t\t\t<div class=\"elementor-column elementor-col-50 elementor-top-column elementor-element elementor-element-3b18640e click-child pointer elementor-invisible\" data-id=\"3b18640e\" data-element_type=\"column\" data-e-type=\"column\" data-settings=\"{&quot;background_background&quot;:&quot;classic&quot;,&quot;animation&quot;:&quot;fadeInUp&quot;}\" link=\"\">\n\t\t\t<div class=\"elementor-widget-wrap elementor-element-populated\">\n\t\t\t\t\t<div class=\"elementor-background-overlay\"><\/div>\n\t\t\t\t\t\t<div class=\"elementor-element elementor-element-1158f16 elementor-widget__width-auto elementor-widget elementor-widget-icon-box\" data-id=\"1158f16\" data-element_type=\"widget\" data-e-type=\"widget\" data-widget_type=\"icon-box.default\">\n\t\t\t\t<div class=\"elementor-widget-container\">\n\t\t\t\t\t\t\t<div class=\"elementor-icon-box-wrapper\">\n\n\t\t\t\n\t\t\t\t\t\t<div class=\"elementor-icon-box-content\">\n\n\t\t\t\t\t\t\t\t\t<h4 class=\"elementor-icon-box-title\">\n\t\t\t\t\t\t<a href=\"https:\/\/www.ivopontes.com\/portfolio\/multimarmore\/\" >\n\t\t\t\t\t\t\tMultimarmore\t\t\t\t\t\t<\/a>\n\t\t\t\t\t<\/h4>\n\t\t\t\t\n\t\t\t\t\t\t\t\t\t<p class=\"elementor-icon-box-description\">\n\t\t\t\t\t\tProdu\u00e7\u00e3o industrial\t\t\t\t\t<\/p>\n\t\t\t\t\n\t\t\t<\/div>\n\t\t\t\n\t\t<\/div>\n\t\t\t\t\t\t<\/div>\n\t\t\t\t<\/div>\n\t\t\t\t\t<\/div>\n\t\t<\/div>\n\t\t\t\t<div class=\"elementor-column elementor-col-50 elementor-top-column elementor-element elementor-element-7b781ded animated-slow click-child pointer elementor-invisible\" data-id=\"7b781ded\" data-element_type=\"column\" data-e-type=\"column\" data-settings=\"{&quot;background_background&quot;:&quot;classic&quot;,&quot;animation&quot;:&quot;fadeInUp&quot;}\">\n\t\t\t<div class=\"elementor-widget-wrap elementor-element-populated\">\n\t\t\t\t\t<div class=\"elementor-background-overlay\"><\/div>\n\t\t\t\t\t\t<div class=\"elementor-element elementor-element-4babef42 elementor-widget__width-auto elementor-widget elementor-widget-icon-box\" data-id=\"4babef42\" data-element_type=\"widget\" data-e-type=\"widget\" data-widget_type=\"icon-box.default\">\n\t\t\t\t<div class=\"elementor-widget-container\">\n\t\t\t\t\t\t\t<div class=\"elementor-icon-box-wrapper\">\n\n\t\t\t\n\t\t\t\t\t\t<div class=\"elementor-icon-box-content\">\n\n\t\t\t\t\t\t\t\t\t<h4 class=\"elementor-icon-box-title\">\n\t\t\t\t\t\t<a href=\"https:\/\/www.ivopontes.com\/portfolio\/lagos-atlantic\/\" >\n\t\t\t\t\t\t\tLagos Atlantic\t\t\t\t\t\t<\/a>\n\t\t\t\t\t<\/h4>\n\t\t\t\t\n\t\t\t\t\t\t\t\t\t<p class=\"elementor-icon-box-description\">\n\t\t\t\t\t\tHotelaria e Turismo\t\t\t\t\t<\/p>\n\t\t\t\t\n\t\t\t<\/div>\n\t\t\t\n\t\t<\/div>\n\t\t\t\t\t\t<\/div>\n\t\t\t\t<\/div>\n\t\t\t\t\t<\/div>\n\t\t<\/div>\n\t\t\t\t\t<\/div>\n\t\t<\/section>\n\t\t\t\t<section class=\"elementor-section elementor-top-section elementor-element elementor-element-68b4a9c9 elementor-section-boxed elementor-section-height-default elementor-section-height-default\" data-id=\"68b4a9c9\" data-element_type=\"section\" data-e-type=\"section\">\n\t\t\t\t\t\t<div class=\"elementor-container elementor-column-gap-no\">\n\t\t\t\t\t<div class=\"elementor-column elementor-col-100 elementor-top-column elementor-element elementor-element-21c259b7 click-child pointer\" data-id=\"21c259b7\" data-element_type=\"column\" data-e-type=\"column\" data-settings=\"{&quot;background_background&quot;:&quot;classic&quot;}\">\n\t\t\t<div class=\"elementor-widget-wrap elementor-element-populated\">\n\t\t\t\t\t<div class=\"elementor-background-overlay\"><\/div>\n\t\t\t\t\t\t<div class=\"elementor-element elementor-element-2bc55bc4 elementor-widget__width-auto elementor-widget elementor-widget-icon-box\" data-id=\"2bc55bc4\" data-element_type=\"widget\" data-e-type=\"widget\" data-widget_type=\"icon-box.default\">\n\t\t\t\t<div class=\"elementor-widget-container\">\n\t\t\t\t\t\t\t<div class=\"elementor-icon-box-wrapper\">\n\n\t\t\t\n\t\t\t\t\t\t<div class=\"elementor-icon-box-content\">\n\n\t\t\t\t\t\t\t\t\t<h3 class=\"elementor-icon-box-title\">\n\t\t\t\t\t\t<a href=\"https:\/\/www.ivopontes.com\/portfolio\/quinta-jets\/\" >\n\t\t\t\t\t\t\tQuinta Jets\t\t\t\t\t\t<\/a>\n\t\t\t\t\t<\/h3>\n\t\t\t\t\n\t\t\t\t\t\t\t\t\t<p class=\"elementor-icon-box-description\">\n\t\t\t\t\t\tAvia\u00e7\u00e3o Privada\t\t\t\t\t<\/p>\n\t\t\t\t\n\t\t\t<\/div>\n\t\t\t\n\t\t<\/div>\n\t\t\t\t\t\t<\/div>\n\t\t\t\t<\/div>\n\t\t\t\t\t<\/div>\n\t\t<\/div>\n\t\t\t\t\t<\/div>\n\t\t<\/section>\n\t\t\t\t<section class=\"elementor-section elementor-top-section elementor-element elementor-element-51f613e0 elementor-section-boxed elementor-section-height-default elementor-section-height-default\" data-id=\"51f613e0\" data-element_type=\"section\" data-e-type=\"section\">\n\t\t\t\t\t\t<div class=\"elementor-container elementor-column-gap-no\">\n\t\t\t\t\t<div class=\"elementor-column elementor-col-50 elementor-top-column elementor-element elementor-element-1c55fa2c click-child pointer elementor-invisible\" data-id=\"1c55fa2c\" data-element_type=\"column\" data-e-type=\"column\" data-settings=\"{&quot;background_background&quot;:&quot;classic&quot;,&quot;animation&quot;:&quot;fadeInUp&quot;}\">\n\t\t\t<div class=\"elementor-widget-wrap elementor-element-populated\">\n\t\t\t\t\t<div class=\"elementor-background-overlay\"><\/div>\n\t\t\t\t\t\t<div class=\"elementor-element elementor-element-237ffeaf elementor-widget__width-auto elementor-widget elementor-widget-icon-box\" data-id=\"237ffeaf\" data-element_type=\"widget\" data-e-type=\"widget\" data-widget_type=\"icon-box.default\">\n\t\t\t\t<div class=\"elementor-widget-container\">\n\t\t\t\t\t\t\t<div class=\"elementor-icon-box-wrapper\">\n\n\t\t\t\n\t\t\t\t\t\t<div class=\"elementor-icon-box-content\">\n\n\t\t\t\t\t\t\t\t\t<h4 class=\"elementor-icon-box-title\">\n\t\t\t\t\t\t<a href=\"https:\/\/www.ivopontes.com\/portfolio\/landom-group\/\" >\n\t\t\t\t\t\t\tLandom Group\t\t\t\t\t\t<\/a>\n\t\t\t\t\t<\/h4>\n\t\t\t\t\n\t\t\t\t\t\t\t\t\t<p class=\"elementor-icon-box-description\">\n\t\t\t\t\t\tServi\u00e7os Financeiros\t\t\t\t\t<\/p>\n\t\t\t\t\n\t\t\t<\/div>\n\t\t\t\n\t\t<\/div>\n\t\t\t\t\t\t<\/div>\n\t\t\t\t<\/div>\n\t\t\t\t\t<\/div>\n\t\t<\/div>\n\t\t\t\t<div class=\"elementor-column elementor-col-50 elementor-top-column elementor-element elementor-element-6778e41b animated-slow click-child pointer elementor-invisible\" data-id=\"6778e41b\" data-element_type=\"column\" data-e-type=\"column\" data-settings=\"{&quot;background_background&quot;:&quot;classic&quot;,&quot;animation&quot;:&quot;fadeInUp&quot;}\">\n\t\t\t<div class=\"elementor-widget-wrap elementor-element-populated\">\n\t\t\t\t\t<div class=\"elementor-background-overlay\"><\/div>\n\t\t\t\t\t\t<div class=\"elementor-element elementor-element-3654b69e elementor-widget__width-auto elementor-widget elementor-widget-icon-box\" data-id=\"3654b69e\" data-element_type=\"widget\" data-e-type=\"widget\" data-widget_type=\"icon-box.default\">\n\t\t\t\t<div class=\"elementor-widget-container\">\n\t\t\t\t\t\t\t<div class=\"elementor-icon-box-wrapper\">\n\n\t\t\t\n\t\t\t\t\t\t<div class=\"elementor-icon-box-content\">\n\n\t\t\t\t\t\t\t\t\t<h4 class=\"elementor-icon-box-title\">\n\t\t\t\t\t\t<a href=\"https:\/\/www.ivopontes.com\/portfolio\/quinta-verde\/\" >\n\t\t\t\t\t\t\tQuinta Verde\t\t\t\t\t\t<\/a>\n\t\t\t\t\t<\/h4>\n\t\t\t\t\n\t\t\t\t\t\t\t\t\t<p class=\"elementor-icon-box-description\">\n\t\t\t\t\t\tImobili\u00e1rio\t\t\t\t\t<\/p>\n\t\t\t\t\n\t\t\t<\/div>\n\t\t\t\n\t\t<\/div>\n\t\t\t\t\t\t<\/div>\n\t\t\t\t<\/div>\n\t\t\t\t\t<\/div>\n\t\t<\/div>\n\t\t\t\t\t<\/div>\n\t\t<\/section>\n\t\t\t\t<section class=\"elementor-section elementor-top-section elementor-element elementor-element-2bb4c36b elementor-section-boxed elementor-section-height-default elementor-section-height-default\" data-id=\"2bb4c36b\" data-element_type=\"section\" data-e-type=\"section\">\n\t\t\t\t\t\t<div class=\"elementor-container elementor-column-gap-no\">\n\t\t\t\t\t<div class=\"elementor-column elementor-col-100 elementor-top-column elementor-element elementor-element-2f9e03ac click-child pointer\" data-id=\"2f9e03ac\" data-element_type=\"column\" data-e-type=\"column\" data-settings=\"{&quot;background_background&quot;:&quot;classic&quot;}\">\n\t\t\t<div class=\"elementor-widget-wrap elementor-element-populated\">\n\t\t\t\t\t<div class=\"elementor-background-overlay\"><\/div>\n\t\t\t\t\t\t<div class=\"elementor-element elementor-element-7e904dee elementor-widget__width-auto elementor-widget elementor-widget-icon-box\" data-id=\"7e904dee\" data-element_type=\"widget\" data-e-type=\"widget\" data-widget_type=\"icon-box.default\">\n\t\t\t\t<div class=\"elementor-widget-container\">\n\t\t\t\t\t\t\t<div class=\"elementor-icon-box-wrapper\">\n\n\t\t\t\n\t\t\t\t\t\t<div class=\"elementor-icon-box-content\">\n\n\t\t\t\t\t\t\t\t\t<h3 class=\"elementor-icon-box-title\">\n\t\t\t\t\t\t<a href=\"https:\/\/www.ivopontes.com\/portfolio\/drp-advisers\/\" >\n\t\t\t\t\t\t\tDRP Advisers\t\t\t\t\t\t<\/a>\n\t\t\t\t\t<\/h3>\n\t\t\t\t\n\t\t\t\t\t\t\t\t\t<p class=\"elementor-icon-box-description\">\n\t\t\t\t\t\tImobili\u00e1rio\t\t\t\t\t<\/p>\n\t\t\t\t\n\t\t\t<\/div>\n\t\t\t\n\t\t<\/div>\n\t\t\t\t\t\t<\/div>\n\t\t\t\t<\/div>\n\t\t\t\t\t<\/div>\n\t\t<\/div>\n\t\t\t\t\t<\/div>\n\t\t<\/section>\n\t\t\t\t<\/div>\n\t\t","protected":false},"excerpt":{"rendered":"<p>Portef\u00f3lio Aqui est\u00e3o os nossos projetos recentes, que refletem nossa dedica\u00e7\u00e3o a solu\u00e7\u00f5es digitais inovadoras. Acreditamos no poder da tecnologia e do design para impulsionar empresas, com compromisso inabal\u00e1vel com qualidade e excel\u00eancia. Multimarmore Produ\u00e7\u00e3o industrial Lagos Atlantic Hotelaria e Turismo Quinta Jets Avia\u00e7\u00e3o Privada Landom Group Servi\u00e7os Financeiros Quinta Verde Imobili\u00e1rio DRP Advisers Imobili\u00e1rio<\/p>\n","protected":false},"author":1,"featured_media":0,"parent":0,"menu_order":0,"comment_status":"closed","ping_status":"closed","template":"elementor_header_footer","meta":{"footnotes":""},"class_list":["post-2703","page","type-page","status-publish","hentry"],"yoast_head":"<!-- This site is optimized with the Yoast SEO plugin v27.4 - https:\/\/yoast.com\/product\/yoast-seo-wordpress\/ -->\n<title>Portef\u00f3lio | Aqui est\u00e1 uma mostra dos nossos projectos<\/title>\n<meta name=\"description\" content=\"Acreditamos no poder da tecnologia e do design para impulsionar as empresas, com um compromisso inabal\u00e1vel com a qualidade e a excel\u00eancia.\" \/>\n<meta name=\"robots\" content=\"index, follow, max-snippet:-1, max-image-preview:large, max-video-preview:-1\" \/>\n<link rel=\"canonical\" href=\"https:\/\/www.ivopontes.com\/pt\/portefolio\/\" \/>\n<meta property=\"og:locale\" content=\"pt_PT\" \/>\n<meta property=\"og:type\" content=\"article\" \/>\n<meta property=\"og:title\" content=\"Portef\u00f3lio | Aqui est\u00e1 uma mostra dos nossos projectos\" \/>\n<meta property=\"og:description\" content=\"Acreditamos no poder da tecnologia e do design para impulsionar as empresas, com um compromisso inabal\u00e1vel com a qualidade e a excel\u00eancia.\" \/>\n<meta property=\"og:url\" content=\"https:\/\/www.ivopontes.com\/pt\/portefolio\/\" \/>\n<meta property=\"og:site_name\" content=\"Ivo Pontes\" \/>\n<meta property=\"article:publisher\" content=\"https:\/\/www.facebook.com\/ivopontesmarketing\/\" \/>\n<meta property=\"article:modified_time\" content=\"2025-10-17T15:33:20+00:00\" \/>\n<meta name=\"twitter:card\" content=\"summary_large_image\" \/>\n<meta name=\"twitter:label1\" content=\"Est. reading time\" \/>\n\t<meta name=\"twitter:data1\" content=\"1 minute\" \/>\n<script type=\"application\/ld+json\" class=\"yoast-schema-graph\">{\"@context\":\"https:\\\/\\\/schema.org\",\"@graph\":[{\"@type\":\"WebPage\",\"@id\":\"https:\\\/\\\/www.ivopontes.com\\\/pt\\\/portefolio\\\/\",\"url\":\"https:\\\/\\\/www.ivopontes.com\\\/pt\\\/portefolio\\\/\",\"name\":\"Portef\u00f3lio | Aqui est\u00e1 uma mostra dos nossos projectos\",\"isPartOf\":{\"@id\":\"https:\\\/\\\/www.ivopontes.com\\\/pt\\\/#website\"},\"datePublished\":\"2024-08-19T18:12:37+00:00\",\"dateModified\":\"2025-10-17T15:33:20+00:00\",\"description\":\"Acreditamos no poder da tecnologia e do design para impulsionar as empresas, com um compromisso inabal\u00e1vel com a qualidade e a excel\u00eancia.\",\"breadcrumb\":{\"@id\":\"https:\\\/\\\/www.ivopontes.com\\\/pt\\\/portefolio\\\/#breadcrumb\"},\"inLanguage\":\"pt\",\"potentialAction\":[{\"@type\":\"ReadAction\",\"target\":[\"https:\\\/\\\/www.ivopontes.com\\\/pt\\\/portefolio\\\/\"]}]},{\"@type\":\"BreadcrumbList\",\"@id\":\"https:\\\/\\\/www.ivopontes.com\\\/pt\\\/portefolio\\\/#breadcrumb\",\"itemListElement\":[{\"@type\":\"ListItem\",\"position\":1,\"name\":\"Home\",\"item\":\"https:\\\/\\\/www.ivopontes.com\\\/pt\\\/\"},{\"@type\":\"ListItem\",\"position\":2,\"name\":\"Portef\u00f3lio\"}]},{\"@type\":\"WebSite\",\"@id\":\"https:\\\/\\\/www.ivopontes.com\\\/pt\\\/#website\",\"url\":\"https:\\\/\\\/www.ivopontes.com\\\/pt\\\/\",\"name\":\"Ivo Pontes - Digital Marketing\",\"description\":\"Digital Marketing\",\"publisher\":{\"@id\":\"https:\\\/\\\/www.ivopontes.com\\\/pt\\\/#organization\"},\"potentialAction\":[{\"@type\":\"SearchAction\",\"target\":{\"@type\":\"EntryPoint\",\"urlTemplate\":\"https:\\\/\\\/www.ivopontes.com\\\/pt\\\/?s={search_term_string}\"},\"query-input\":{\"@type\":\"PropertyValueSpecification\",\"valueRequired\":true,\"valueName\":\"search_term_string\"}}],\"inLanguage\":\"pt\"},{\"@type\":\"Organization\",\"@id\":\"https:\\\/\\\/www.ivopontes.com\\\/pt\\\/#organization\",\"name\":\"Ivo Pontes - Digital Marketing\",\"url\":\"https:\\\/\\\/www.ivopontes.com\\\/pt\\\/\",\"logo\":{\"@type\":\"ImageObject\",\"inLanguage\":\"pt\",\"@id\":\"https:\\\/\\\/www.ivopontes.com\\\/pt\\\/#\\\/schema\\\/logo\\\/image\\\/\",\"url\":\"https:\\\/\\\/www.ivopontes.com\\\/wp-content\\\/uploads\\\/2024\\\/08\\\/logo-ivo-pontes.png\",\"contentUrl\":\"https:\\\/\\\/www.ivopontes.com\\\/wp-content\\\/uploads\\\/2024\\\/08\\\/logo-ivo-pontes.png\",\"width\":542,\"height\":223,\"caption\":\"Ivo Pontes - Digital Marketing\"},\"image\":{\"@id\":\"https:\\\/\\\/www.ivopontes.com\\\/pt\\\/#\\\/schema\\\/logo\\\/image\\\/\"},\"sameAs\":[\"https:\\\/\\\/www.facebook.com\\\/ivopontesmarketing\\\/\",\"https:\\\/\\\/www.instagram.com\\\/ivopontesmarketing\\\/\"]}]}<\/script>\n<!-- \/ Yoast SEO plugin. -->","yoast_head_json":{"title":"Portef\u00f3lio | Aqui est\u00e1 uma mostra dos nossos projectos","description":"Acreditamos no poder da tecnologia e do design para impulsionar as empresas, com um compromisso inabal\u00e1vel com a qualidade e a excel\u00eancia.","robots":{"index":"index","follow":"follow","max-snippet":"max-snippet:-1","max-image-preview":"max-image-preview:large","max-video-preview":"max-video-preview:-1"},"canonical":"https:\/\/www.ivopontes.com\/pt\/portefolio\/","og_locale":"pt_PT","og_type":"article","og_title":"Portef\u00f3lio | Aqui est\u00e1 uma mostra dos nossos projectos","og_description":"Acreditamos no poder da tecnologia e do design para impulsionar as empresas, com um compromisso inabal\u00e1vel com a qualidade e a excel\u00eancia.","og_url":"https:\/\/www.ivopontes.com\/pt\/portefolio\/","og_site_name":"Ivo Pontes","article_publisher":"https:\/\/www.facebook.com\/ivopontesmarketing\/","article_modified_time":"2025-10-17T15:33:20+00:00","twitter_card":"summary_large_image","twitter_misc":{"Est. reading time":"1 minute"},"schema":{"@context":"https:\/\/schema.org","@graph":[{"@type":"WebPage","@id":"https:\/\/www.ivopontes.com\/pt\/portefolio\/","url":"https:\/\/www.ivopontes.com\/pt\/portefolio\/","name":"Portef\u00f3lio | Aqui est\u00e1 uma mostra dos nossos projectos","isPartOf":{"@id":"https:\/\/www.ivopontes.com\/pt\/#website"},"datePublished":"2024-08-19T18:12:37+00:00","dateModified":"2025-10-17T15:33:20+00:00","description":"Acreditamos no poder da tecnologia e do design para impulsionar as empresas, com um compromisso inabal\u00e1vel com a qualidade e a excel\u00eancia.","breadcrumb":{"@id":"https:\/\/www.ivopontes.com\/pt\/portefolio\/#breadcrumb"},"inLanguage":"pt","potentialAction":[{"@type":"ReadAction","target":["https:\/\/www.ivopontes.com\/pt\/portefolio\/"]}]},{"@type":"BreadcrumbList","@id":"https:\/\/www.ivopontes.com\/pt\/portefolio\/#breadcrumb","itemListElement":[{"@type":"ListItem","position":1,"name":"Home","item":"https:\/\/www.ivopontes.com\/pt\/"},{"@type":"ListItem","position":2,"name":"Portef\u00f3lio"}]},{"@type":"WebSite","@id":"https:\/\/www.ivopontes.com\/pt\/#website","url":"https:\/\/www.ivopontes.com\/pt\/","name":"Ivo Pontes - Digital Marketing","description":"Digital Marketing","publisher":{"@id":"https:\/\/www.ivopontes.com\/pt\/#organization"},"potentialAction":[{"@type":"SearchAction","target":{"@type":"EntryPoint","urlTemplate":"https:\/\/www.ivopontes.com\/pt\/?s={search_term_string}"},"query-input":{"@type":"PropertyValueSpecification","valueRequired":true,"valueName":"search_term_string"}}],"inLanguage":"pt"},{"@type":"Organization","@id":"https:\/\/www.ivopontes.com\/pt\/#organization","name":"Ivo Pontes - Digital Marketing","url":"https:\/\/www.ivopontes.com\/pt\/","logo":{"@type":"ImageObject","inLanguage":"pt","@id":"https:\/\/www.ivopontes.com\/pt\/#\/schema\/logo\/image\/","url":"https:\/\/www.ivopontes.com\/wp-content\/uploads\/2024\/08\/logo-ivo-pontes.png","contentUrl":"https:\/\/www.ivopontes.com\/wp-content\/uploads\/2024\/08\/logo-ivo-pontes.png","width":542,"height":223,"caption":"Ivo Pontes - Digital Marketing"},"image":{"@id":"https:\/\/www.ivopontes.com\/pt\/#\/schema\/logo\/image\/"},"sameAs":["https:\/\/www.facebook.com\/ivopontesmarketing\/","https:\/\/www.instagram.com\/ivopontesmarketing\/"]}]}},"_links":{"self":[{"href":"https:\/\/www.ivopontes.com\/pt\/wp-json\/wp\/v2\/pages\/2703","targetHints":{"allow":["GET"]}}],"collection":[{"href":"https:\/\/www.ivopontes.com\/pt\/wp-json\/wp\/v2\/pages"}],"about":[{"href":"https:\/\/www.ivopontes.com\/pt\/wp-json\/wp\/v2\/types\/page"}],"author":[{"embeddable":true,"href":"https:\/\/www.ivopontes.com\/pt\/wp-json\/wp\/v2\/users\/1"}],"replies":[{"embeddable":true,"href":"https:\/\/www.ivopontes.com\/pt\/wp-json\/wp\/v2\/comments?post=2703"}],"version-history":[{"count":8,"href":"https:\/\/www.ivopontes.com\/pt\/wp-json\/wp\/v2\/pages\/2703\/revisions"}],"predecessor-version":[{"id":3259,"href":"https:\/\/www.ivopontes.com\/pt\/wp-json\/wp\/v2\/pages\/2703\/revisions\/3259"}],"wp:attachment":[{"href":"https:\/\/www.ivopontes.com\/pt\/wp-json\/wp\/v2\/media?parent=2703"}],"curies":[{"name":"wp","href":"https:\/\/api.w.org\/{rel}","templated":true}]}}